{"id":45,"date":"2021-06-15T00:39:17","date_gmt":"2021-06-15T00:39:17","guid":{"rendered":"http:\/\/www.equipoelectronicogdl.com\/productos\/?post_type=product&#038;p=45"},"modified":"2021-06-15T00:46:15","modified_gmt":"2021-06-15T00:46:15","slug":"cerradura-biometrica-inversible-con-conexion-usb-para-respaldos-500-huellas-30000-registros","status":"publish","type":"product","link":"https:\/\/www.equipoelectronicogdl.com\/productos\/producto\/cerradura-biometrica-inversible-con-conexion-usb-para-respaldos-500-huellas-30000-registros\/","title":{"rendered":"CERRADURA BIOMETRICA INVERSIBLE CON CONEXION USB PARA RESPALDOS\/ 500 HUELLAS\/ 30000 REGISTROS"},"content":{"rendered":"<p class=\"Arial10\"><span style=\"font-family: Trebuchet MS;\">En la cerradura L7000U la administraci\u00f3n y la alta de usuarios se puede hacer de una manera muy sencilla directamente en su pantalla. Cuenta con tres niveles de usuario para administrar el sistema: administrador, supervisor y usuario regular. Un administrador es capaz de agregar, borrar o cambiar usuarios en la cerradura. El supervisor es el que cuenta con m\u00e1s alto rango y el usuario regular es aquel que solo puede checar su huella digital.<\/span><\/p>\n<p class=\"Arial10\"><span style=\"font-family: Trebuchet MS;\"><strong>No se necesita de una llave<\/strong><\/span><\/p>\n<p class=\"Arial10\"><span style=\"font-family: Trebuchet MS;\">Con solo un dedo o ingresando una contrase\u00f1a podr\u00e1 abrir la puerta. La L7000U le dar\u00e1 la libertad de no preocuparse por perder, que le roben o se le olviden sus llaves para abrir la puerta.<\/span><\/p>\n<p class=\"Arial10\"><span style=\"font-family: Trebuchet MS;\"><strong>R\u00e1pido acceso<\/strong><\/span><\/p>\n<p class=\"Arial10\"><span style=\"font-family: Trebuchet MS;\">No necesita llevar una llave consigo siempre. Simplemente coloque su dedo sobre el lector de huellas y la puerta se abrir\u00e1 tras identificarlo.<\/span><\/p>\n<p class=\"Arial10\"><span style=\"font-family: Trebuchet MS;\"><strong>Pantalla visual OLED<\/strong><\/span><\/p>\n<p class=\"Arial10\"><span style=\"font-family: Trebuchet MS;\">Provee una interzaf de usuario muy amigable la cual le ayudar\u00e1 a utilizar su chapa biom\u00e9trica de una manera muy sencilla una vez que haya le\u00eddo las instrucciones.<\/span><\/p>\n<p class=\"Arial10\"><span style=\"font-family: Trebuchet MS;\"><strong>F\u00e1cil instalaci\u00f3n DIY (H\u00e1galo usted mismo)<\/strong><\/span><\/p>\n<p class=\"Arial10\"><span style=\"font-family: Trebuchet MS;\">Con su novedoso dise\u00f1o esta cerradura puede reemplazar a su cerradura actual sin necesidad de modificar su puerta. Todo lo que necesita es un desarmador y alrededor de 30 minutos para instalarla.<\/span><\/p>\n<p class=\"Arial10\"><span style=\"font-family: Trebuchet MS;\"><strong>Control total<\/strong><\/span><\/p>\n<p class=\"Arial10\"><span style=\"font-family: Trebuchet MS;\">La cerradura cuenta con distintos niveles de usuario para su manejo permitiendo tener un mayor control sobre la administraci\u00f3n de su equipo.<\/span><\/p>\n<p class=\"Arial10\"><span style=\"font-family: Trebuchet MS;\"><strong>Protecci\u00f3n de privacidad<\/strong><\/span><\/p>\n<p class=\"Arial10\"><span style=\"font-family: Trebuchet MS;\">Las huellas almacenadas en la cerradura permanecen incluso si hay fallos de energ\u00eda. Las huellas son protegidas con una tecnolog\u00eda muy especial que impide obtener la imagen de la huella desde la cerradura.<\/span><\/p>\n<p class=\"Arial10\"><span style=\"font-family: Trebuchet MS;\"><strong>Gabinete robusto<\/strong><\/span><\/p>\n<p class=\"Arial10\"><span style=\"font-family: Trebuchet MS;\">El gabinete de la L7000U esta hecho de una aleaci\u00f3n de zinc que provee una firme protecci\u00f3n contra impactos.<\/span><\/p>\n<p class=\"Arial10\"><span style=\"font-family: Trebuchet MS;\"><strong>Alarma<\/strong><\/span><\/p>\n<p class=\"Arial10\"><span style=\"font-family: Trebuchet MS;\">La L7000U cuenta con una alarma de seguridad que se activa cuando es operada de forma indebida por alg\u00fan intruso.<\/span><\/p>\n<p class=\"Arial10\"><span style=\"font-family: Trebuchet MS;\"><strong>N\u00famero de usuarios<\/strong><\/span><\/p>\n<p class=\"Arial10\"><span style=\"font-family: Trebuchet MS;\">La L7000U cuenta con una capacidad para almacenar hasta 500 huellas digitales que le permiten registrar a todas las personas que desee darles acceso a sus instalaciones.<\/span><\/p>\n<p class=\"Arial10\"><span style=\"font-family: Trebuchet MS;\"><strong>Tiempo de vida de la bater\u00eda<\/strong><\/span><\/p>\n<p class=\"Arial10\"><span style=\"font-family: Trebuchet MS;\">La L7000U es alimentada por 4 bater\u00edas AA que le brindan hasta 5,000 aperturas. El nivel de la bater\u00eda es mostrado en su pantalla OLED.<\/span><\/p>\n<p class=\"Arial10\"><span style=\"font-family: Trebuchet MS;\"><strong>Bater\u00eda de emergencia<\/strong><\/span><\/p>\n<p class=\"Arial10\"><span style=\"font-family: Trebuchet MS;\">La L7000U soporta el uso temporal de una bater\u00eda DC externa para verificar su huella \u00f3 contrase\u00f1a y poder abrir la puerta conectandole una bater\u00eda de 9V en la parte inferior de la cerradura.<\/span><\/p>\n<p class=\"Arial10\"><span style=\"font-family: Trebuchet MS;\"><strong>Principales caracter\u00edsticas:<\/strong><\/span><\/p>\n<ul>\n<li class=\"Arial10\"><span style=\"font-family: Trebuchet MS;\">Material: Aleaci\u00f3n de Zinc.<\/span><\/li>\n<li class=\"Arial10\"><span style=\"font-family: Trebuchet MS;\">Pantalla OLED.<\/span><\/li>\n<li class=\"Arial10\"><span style=\"font-family: Trebuchet MS;\">Puerto USB para bajar transacciones.<\/span><\/li>\n<li class=\"Arial10\"><span style=\"font-family: Trebuchet MS;\">Sensor \u00f3ptico tipo ZK.<\/span><\/li>\n<li class=\"Arial10\"><span style=\"font-family: Trebuchet MS;\">Resoluci\u00f3n del sensor: 500 dpi.<\/span><\/li>\n<li class=\"Arial10\"><span style=\"font-family: Trebuchet MS;\">Soporta hasta 500 huellas.<\/span><\/li>\n<li class=\"Arial10\"><span style=\"font-family: Trebuchet MS;\">Soporta hasta 100 contrase\u00f1as.<\/span><\/li>\n<li class=\"Arial10\"><span style=\"font-family: Trebuchet MS;\">Soporta hasta 30,000 eventos.<\/span><\/li>\n<li class=\"Arial10\"><span style=\"font-family: Trebuchet MS;\">M\u00e9todo de verificaci\u00f3n: Huella \u00f3 contrase\u00f1a.<\/span><\/li>\n<li class=\"Arial10\"><span style=\"font-family: Trebuchet MS;\">Longitud de la contrase\u00f1a: De 6 a 10 d\u00edgitos.<\/span><\/li>\n<li class=\"Arial10\"><span style=\"font-family: Trebuchet MS;\">Su manija puede cambiarse izquierda o derecha segun sea conveniente<\/span><\/li>\n<li class=\"Arial10\"><span style=\"font-family: Trebuchet MS;\">Temperatura de operaci\u00f3n 0\u00b0C a 45\u00b0C.<\/span><\/li>\n<li class=\"Arial10\"><span style=\"font-family: Trebuchet MS;\">Alimentaci\u00f3n: 4 bater\u00edas 1.5V AA.<\/span><\/li>\n<li class=\"Arial10\"><span style=\"font-family: Trebuchet MS;\">Advertencia de bater\u00eda baja: Menor a 4.8V.<\/span><\/li>\n<li class=\"Arial10\"><span style=\"font-family: Trebuchet MS;\">Dimensiones: 185 * 72 * 68.5 mm.<\/span><\/li>\n<\/ul>\n","protected":false},"excerpt":{"rendered":"<p><span style=\"font-family: Trebuchet MS;\">La L7000U es una cerradura biom\u00e9trica con un elegante dise\u00f1o que incorpora un men\u00fa en pantalla. Con la L7000 puede verificar la identidad de una persona y abrir la puerta mediante una huella y una contrase\u00f1a.<\/span><\/p>\n","protected":false},"featured_media":46,"template":"","meta":[],"product_cat":[19],"product_tag":[],"_links":{"self":[{"href":"https:\/\/www.equipoelectronicogdl.com\/productos\/wp-json\/wp\/v2\/product\/45"}],"collection":[{"href":"https:\/\/www.equipoelectronicogdl.com\/productos\/wp-json\/wp\/v2\/product"}],"about":[{"href":"https:\/\/www.equipoelectronicogdl.com\/productos\/wp-json\/wp\/v2\/types\/product"}],"wp:featuredmedia":[{"embeddable":true,"href":"https:\/\/www.equipoelectronicogdl.com\/productos\/wp-json\/wp\/v2\/media\/46"}],"wp:attachment":[{"href":"https:\/\/www.equipoelectronicogdl.com\/productos\/wp-json\/wp\/v2\/media?parent=45"}],"wp:term":[{"taxonomy":"product_cat","embeddable":true,"href":"https:\/\/www.equipoelectronicogdl.com\/productos\/wp-json\/wp\/v2\/product_cat?post=45"},{"taxonomy":"product_tag","embeddable":true,"href":"https:\/\/www.equipoelectronicogdl.com\/productos\/wp-json\/wp\/v2\/product_tag?post=45"}],"curies":[{"name":"wp","href":"https:\/\/api.w.org\/{rel}","templated":true}]}}