{"id":355,"date":"2022-05-30T20:20:15","date_gmt":"2022-05-30T20:20:15","guid":{"rendered":"https:\/\/www.equipoelectronicogdl.com\/productos\/?post_type=product&#038;p=355"},"modified":"2022-05-30T20:20:19","modified_gmt":"2022-05-30T20:20:19","slug":"dahua-cooper-b2a21","status":"publish","type":"product","link":"https:\/\/www.equipoelectronicogdl.com\/productos\/producto\/dahua-cooper-b2a21\/","title":{"rendered":"DAHUA COOPER B2A21"},"content":{"rendered":"<div class=\"row aling-items-center padding-bottom-2x\">\n<div class=\"col-lg-12\">\n<h5 class=\"card-title text-center\">Informaci\u00f3n General<\/h5>\n<p class=\"ql-align-justify\">La c\u00e1mara modelo\u00a0<strong>COOPER B2A21<\/strong>\u00a0es una c\u00e1mara Met\u00e1lica con tecnolog\u00eda HDCVI, proporciona v\u00eddeo en alta definici\u00f3n a\u00a0una resoluci\u00f3n de 1080p (1920 x 1080), incorpora un lente fijo de 3.6 mm el cual proporciona un \u00e1ngulo de visi\u00f3n de\u00a093 grados. Cuenta con DWDR, Smart\u00a0IR con un alcance de 20 metros, men\u00fa OSD y adem\u00e1s la c\u00e1mara cuenta con un \u00edndice de protecci\u00f3n IP67 por lo que goza de una protecci\u00f3n contra el polvo y agua.<\/p>\n<p><img class=\"overview-center-img-web\" src=\"https:\/\/tvc.mx\/media\/438375\/camara-bullet-HDCVI-1080p-ir-20-m-metalica-ip67-HAC-B2A21-Dahua.png\" alt=\"\" \/><\/div>\n<\/div>\n<div class=\"row align-items-center padding-bottom-2x\">\n<div class=\"col-md-5 order-md-2\"><img class=\"d-block m-auto img-thumbnail\" src=\"https:\/\/tvc.mx\/media\/438379\/Smart-IR-Dahua.png\" alt=\" \" \/><\/div>\n<div class=\"col-md-7 order-md-1 text-md-left text-center\">\n<h2>SMART IR.<\/h2>\n<p class=\"text-muted\">\n<p class=\"ql-align-justify\">La c\u00e1mara cuenta Smart IR, los LEDs IR tienen un alcance de 20 metros, los cuales se ajustan de forma autom\u00e1tica en condiciones de poca luz regulando su intensidad dependiendo de la distancia del objeto, haciendo que se obtenga una imagen m\u00e1s clara a diferentes distancias.<\/p>\n<p>&nbsp;<\/p>\n<\/div>\n<\/div>\n<hr class=\"padding-bottom-2x\" \/>\n<div class=\"row align-items-center padding-bottom-2x\">\n<div class=\"col-md-5\"><img class=\"d-block m-auto img-thumbnail\" src=\"https:\/\/tvc.mx\/media\/438383\/Distancia-DORI.png\" alt=\" \" \/><\/div>\n<div class=\"col-md-7 text-md-left text-center\">\n<h2>DISTANCIA DORI.<\/h2>\n<p class=\"text-muted\">\n<p class=\"ql-align-justify\">La distancia DORI es una proximidad general de la distancia que hace que sea f\u00e1cil elegir la c\u00e1mara adecuada para sus necesidades. La distancia DORI se calcula sobre la base de la especificaci\u00f3n del sensor y del resultado de la prueba de laboratorio seg\u00fan EN 62676-4, que define los criterios para Detectar, Observar, Reconocer e Identificar, respectivamente.<\/p>\n<p>&nbsp;<\/p>\n<\/div>\n<\/div>\n<hr class=\"padding-bottom-2x\" \/>\n<div class=\"row align-items-center padding-bottom-2x\">\n<div class=\"col-md-5 order-md-2\"><img class=\"d-block m-auto img-thumbnail\" src=\"https:\/\/tvc.mx\/media\/438387\/camara-bullet-HDCVI-1080p-lente-3.6-ir-20m-HAC--B1A21-Dahua-caracteristicas.png\" alt=\" \" \/><\/div>\n<div class=\"col-md-7 order-md-1 text-md-left text-center\">\n<h2>Principales Caracter\u00edsticas<\/h2>\n<p class=\"text-muted\">\n<ul>\n<li>D-WDR &#8211; Amplio rango din\u00e1mico de la iluminaci\u00f3n<\/li>\n<li>2D-DNR &#8211; Reducci\u00f3n digital de ruido en la imagen<\/li>\n<li>BLC\/HLC &#8211; compensaci\u00f3n de luz de fondo \/ luz alta<\/li>\n<li>ICR &#8211; Filtro mec\u00e1nico de infrarrojos<\/li>\n<li>Sharpness &#8211; Enfoque de los contornos de la imagen<\/li>\n<li>AGC &#8211; Ajuste autom\u00e1tico de la ganancia de la imagen<\/li>\n<li>Zonas de privacidad<\/li>\n<li>Balance de blancos autom\u00e1tico<\/li>\n<\/ul>\n<p>&nbsp;<\/p>\n<\/div>\n<\/div>\n<hr class=\"padding-bottom-2x\" \/>\n<div class=\"row align-items-center padding-bottom-2x\">\n<div class=\"col-md-5\"><img class=\"d-block m-auto img-thumbnail\" src=\"https:\/\/tvc.mx\/media\/438391\/camara-bullet-HDCVI-1080p-lente-3.6-ir-20m-HAC--B1A21-Dahua-especificaciones.png\" alt=\" \" \/><\/div>\n<div class=\"col-md-7 text-md-left text-center\">\n<h2>Especificaciones<\/h2>\n<p class=\"text-muted\">\n<ul>\n<li>1\/2.7\u00a0&#8221; Progressive Scan CMOS<\/li>\n<li>2 megap\u00edxeles<\/li>\n<li>Lente fijo 3.6 mm<\/li>\n<li>\u00c1ngulo de visi\u00f3n:93\u00a0\u00b0<\/li>\n<li>Rango del iluminador IR:20\u00a0m<\/li>\n<li>Ajuste de potencia del iluminador IR: Autom\u00e1tico<\/li>\n<li>Salida de v\u00eddeo: AHD\u00a0\/\u00a0HD-CVI\u00a0\/\u00a0HD-TVI\u00a0\/\u00a0PAL, 1\u00a0Vpp<\/li>\n<li>Alimentaci\u00f3n:12\u00a0V\u00a0DC\u00a0\/ 220\u00a0mA<\/li>\n<li>Grado de protecci\u00f3n: IP67<\/li>\n<li>Carcasa: Aluminio<\/li>\n<\/ul>\n<\/div>\n<\/div>\n","protected":false},"excerpt":{"rendered":"<h1 id=\"title\" class=\"mb-3\">DAHUA COOPER B2A21 &#8211; Camara Bullet HDCVI 1080p\/ 720p\/ 93 Grados de Apertura\/ Lente 3.6 mm\/ IR de 20 Mts\/ IP67\/ Metalica\/ TVI AHD y CVBS\/<\/h1>\n<div class=\"d-flex mb-2\">\n<div data-v-eb34aab4=\"\">\n<div id=\"star-rating-21691\" class=\"mr-2\" title=\"\" data-v-eb34aab4=\"\" data-original-title=\"\">\n<div class=\"vue-star-rating\" data-v-34cbeed1=\"\" data-v-eb34aab4=\"\">\n<div class=\"vue-star-rating\" data-v-34cbeed1=\"\"><\/div>\n<\/div>\n<\/div>\n<\/div>\n<p><button class=\"btn btn-outline-secondary btn-sm m-0 wishlist-btn\" data-v-6f336c32=\"\"><i class=\"icon-heart\" data-v-6f336c32=\"\"><\/i>\u00a0<\/button><\/div>\n","protected":false},"featured_media":356,"template":"","meta":[],"product_cat":[16],"product_tag":[],"_links":{"self":[{"href":"https:\/\/www.equipoelectronicogdl.com\/productos\/wp-json\/wp\/v2\/product\/355"}],"collection":[{"href":"https:\/\/www.equipoelectronicogdl.com\/productos\/wp-json\/wp\/v2\/product"}],"about":[{"href":"https:\/\/www.equipoelectronicogdl.com\/productos\/wp-json\/wp\/v2\/types\/product"}],"wp:featuredmedia":[{"embeddable":true,"href":"https:\/\/www.equipoelectronicogdl.com\/productos\/wp-json\/wp\/v2\/media\/356"}],"wp:attachment":[{"href":"https:\/\/www.equipoelectronicogdl.com\/productos\/wp-json\/wp\/v2\/media?parent=355"}],"wp:term":[{"taxonomy":"product_cat","embeddable":true,"href":"https:\/\/www.equipoelectronicogdl.com\/productos\/wp-json\/wp\/v2\/product_cat?post=355"},{"taxonomy":"product_tag","embeddable":true,"href":"https:\/\/www.equipoelectronicogdl.com\/productos\/wp-json\/wp\/v2\/product_tag?post=355"}],"curies":[{"name":"wp","href":"https:\/\/api.w.org\/{rel}","templated":true}]}}