{"id":351,"date":"2022-05-30T20:00:52","date_gmt":"2022-05-30T20:00:52","guid":{"rendered":"https:\/\/www.equipoelectronicogdl.com\/productos\/?post_type=product&#038;p=351"},"modified":"2022-05-30T20:01:03","modified_gmt":"2022-05-30T20:01:03","slug":"dahua-hdw1801m","status":"publish","type":"product","link":"https:\/\/www.equipoelectronicogdl.com\/productos\/producto\/dahua-hdw1801m\/","title":{"rendered":"DAHUA HDW1801M"},"content":{"rendered":"<div class=\"row aling-items-center padding-bottom-2x\">\n<div class=\"col-lg-12\">\n<h5 class=\"card-title text-center\">Informaci\u00f3n General<\/h5>\n<p class=\"ql-align-justify\">La c\u00e1mara modelo\u00a0<strong>HDW1801M\u00a0<\/strong>es una c\u00e1mara domo de\u00a0<strong>\u00a04K \u00a0<\/strong>de resoluci\u00f3n<strong>,<\/strong>con la cual podemos apreciar una imagen con mayor nitidez, brillo y claridad que cualquier otra c\u00e1mara de video-vigilancia. Este modelo\u00a0incorpora un lente\u00a0de\u00a02.8mm, potentes IR con alcance de hasta\u00a0<strong>30m<\/strong>\u00a0para la visi\u00f3n nocturna y tambi\u00e9n dispone de la tecnolog\u00eda\u00a0<strong>WDR real 120dB<\/strong>\u00a0que ofrece im\u00e1genes m\u00e1s n\u00edtidas incluso en las condiciones de contraste de luz intensas, adem\u00e1s cuenta con \u00edndice de protecci\u00f3n\u00a0<strong>IP67<\/strong>\u00a0por lo que ofrece protecci\u00f3n contra polvo y agua.<\/p>\n<p><img class=\"overview-center-img-web\" src=\"https:\/\/tvc.mx\/media\/446811\/camara-domo-4k-8-megapixeles-lente-2.8mm-wdr-HAC-HDW1801M-dahua.png\" alt=\"\" \/><\/div>\n<\/div>\n<div class=\"row align-items-center padding-bottom-2x\">\n<div class=\"col-md-5\"><img class=\"d-block m-auto img-thumbnail\" src=\"https:\/\/tvc.mx\/media\/446815\/resolucion-4K-dahua.png\" alt=\" \" \/><\/div>\n<div class=\"col-md-7 text-md-left text-center\">\n<h2>Tecnolog\u00eda 4K<\/h2>\n<p class=\"text-muted\">\n<p class=\"ql-align-justify\">La tecnolog\u00eda\u00a0<strong>4K<\/strong>\u00a0es un avance revolucionario en CCTV,mejora la imagen expresiva de la esencia, permitiendo a los usuarios experimentar la mejor calidad de imagen producida por la fiesta visual. A los efectos de la vigilancia 4K con cuatro veces la resoluci\u00f3n de 1080P, presentado al usuario con m\u00e1s detalles. En el mismo escenario al subir los p\u00edxeles, reduzca el costo de la c\u00e1mara.<\/p>\n<p>&nbsp;<\/p>\n<\/div>\n<\/div>\n<hr class=\"padding-bottom-2x\" \/>\n<div class=\"row align-items-center padding-bottom-2x\">\n<div class=\"col-md-5 order-md-2\"><img class=\"d-block m-auto img-thumbnail\" src=\"https:\/\/tvc.mx\/media\/446819\/Multiformatos-dahua.png\" alt=\" \" \/><\/div>\n<div class=\"col-md-7 order-md-1 text-md-left text-center\">\n<h2>M\u00faltiples Formatos de Video<\/h2>\n<p class=\"text-muted\">\n<p class=\"ql-align-justify\">La c\u00e1mara\u00a0<strong>HDW1801M<\/strong>\u00a0admite m\u00faltiples formatos de video, incluidos HDCVI, CVBS, HDTVI Y AHD que son los comunes en el mercado. Esta caracter\u00edstica hace que la c\u00e1mara sea compatible no solo con XVR, sino tambi\u00e9n con la mayor\u00eda de los DVR HD \/ SD existentes.<\/p>\n<p>&nbsp;<\/p>\n<\/div>\n<\/div>\n<hr class=\"padding-bottom-2x\" \/>\n<div class=\"row align-items-center padding-bottom-2x\">\n<div class=\"col-md-5\"><img class=\"d-block m-auto img-thumbnail\" src=\"https:\/\/tvc.mx\/media\/446823\/larga-distancia-de-transmision-dahua.png\" alt=\" \" \/><\/div>\n<div class=\"col-md-7 text-md-left text-center\">\n<h2>Larga Distancia de Transimisi\u00f3n<\/h2>\n<p class=\"text-muted\">\n<p>La tecnolog\u00eda HDCVI de Dahua garantiza la transmisi\u00f3n de video a tiempo real y sin perdidas de calidad, a distancias de hasta 700m para video de\u00a0<strong>4K\u00a0<\/strong>v\u00eda cable coaxial y hasta 300m por\u00a0<strong>cable UTP\u00a0<\/strong>mediante transceptores.<\/p>\n<p>&nbsp;<\/p>\n<\/div>\n<\/div>\n<hr class=\"padding-bottom-2x\" \/>\n<div class=\"row align-items-center padding-bottom-2x\">\n<div class=\"col-md-5 order-md-2\"><img class=\"d-block m-auto img-thumbnail\" src=\"https:\/\/tvc.mx\/media\/446827\/Smart-IR-Dahua.png\" alt=\" \" \/><\/div>\n<div class=\"col-md-7 order-md-1 text-md-left text-center\">\n<h2>Smart IR<\/h2>\n<p class=\"text-muted\">\n<p class=\"ql-align-justify\">Con la iluminaci\u00f3n IR, las im\u00e1genes detalladas se pueden capturar con poca luz o oscuridad total. La tecnolog\u00eda Smart IR ajusta la intensidad de los LED infrarrojos para compensar la distancia de un objeto evitando\u00a0que los LEDs IR borren las im\u00e1genes a medida que se acercan a la c\u00e1mara. La iluminaci\u00f3n infrarroja integrada de la c\u00e1mara proporciona un alto rendimiento en entornos con poca luz extrema de hasta\u00a0<strong>30 mts<\/strong>.<\/p>\n<p>&nbsp;<\/p>\n<\/div>\n<\/div>\n<hr class=\"padding-bottom-2x\" \/>\n<div class=\"row align-items-center padding-bottom-2x\">\n<div class=\"col-md-5\"><img class=\"d-block m-auto img-thumbnail\" src=\"https:\/\/tvc.mx\/media\/446831\/3DNR-dahua.png\" alt=\" \" \/><\/div>\n<div class=\"col-md-7 text-md-left text-center\">\n<h2>Reducci\u00f3n de Ruido 3DNR<\/h2>\n<p class=\"text-muted\">\n<p><strong>3DNR<\/strong>\u00a0es una tecnolog\u00eda de reducci\u00f3n de ruido que detecta y elimina ruidos aleatorios al comparar dos cuadros secuenciales, permitiendo una notable reducci\u00f3n del ruido con un ligero impacto hasta la nitidez, especialmente en condiciones de iluminaci\u00f3n limitadas. Adem\u00e1s, el\u00a0<strong>3DNR<\/strong>\u00a0disminuye efectivamente el ancho de banda y ahorra espacio de almacenamiento.<\/p>\n<p>&nbsp;<\/p>\n<\/div>\n<\/div>\n<hr class=\"padding-bottom-2x\" \/>\n<div class=\"row align-items-center padding-bottom-2x\">\n<div class=\"col-md-5 order-md-2\"><img class=\"d-block m-auto img-thumbnail\" src=\"https:\/\/tvc.mx\/media\/446835\/camara-domo-4k-8-megapixeles-lente-2.8mm-wdr-HAC-HDW1801M-dahua-caracteristicas.png\" alt=\" \" \/><\/div>\n<div class=\"col-md-7 order-md-1 text-md-left text-center\">\n<h2>Principales Caracter\u00edsticas<\/h2>\n<p class=\"text-muted\">\n<ul>\n<li class=\"ql-align-justify\">D\u00eda \/ Noche Auto (ICR) \/ Color \/ B \/ W.<\/li>\n<li class=\"ql-align-justify\">Compensaci\u00f3n de contraluz BLC \/ HLC \/ WDR<\/li>\n<li class=\"ql-align-justify\">IR Inteligente<\/li>\n<li class=\"ql-align-justify\">Reducci\u00f3n de ruido<\/li>\n<li class=\"ql-align-justify\">\u00cdndice de protecci\u00f3n IP67.<\/li>\n<\/ul>\n<p>&nbsp;<\/p>\n<\/div>\n<\/div>\n<hr class=\"padding-bottom-2x\" \/>\n<div class=\"row align-items-center padding-bottom-2x\">\n<div class=\"col-md-5\"><img class=\"d-block m-auto img-thumbnail\" src=\"https:\/\/tvc.mx\/media\/446839\/camara-domo-4k-8-megapixeles-lente-2.8mm-wdr-HAC-HDW1801M-dahua-especificaciones.png\" alt=\" \" \/><\/div>\n<div class=\"col-md-7 text-md-left text-center\">\n<h2>Especificaciones<\/h2>\n<p class=\"text-muted\">\n<ul>\n<li>CMOS de 1\/2,7 pulgadas<\/li>\n<li>Distancia IR de hasta 30 m<\/li>\n<li>LED IR 12<\/li>\n<li>Lente fijo 2.8mm<\/li>\n<li>D\u00eda\/Noche Cambio autom\u00e1tico por ICR<\/li>\n<li>CLB\/BLC\/HLC\/WDR real 120dB<\/li>\n<li>Reducci\u00f3n de ruido 2D y 3D NR<\/li>\n<li>Zoom digital 4x<\/li>\n<li>Opciones de salida de video de CVI\/TVI\/AHD\/CVBS por un Velocidad de obturaci\u00f3n electr\u00f3nica puerto BNC<\/li>\n<li>Fuente de alimentaci\u00f3n 12V<\/li>\n<li>Grado de protecci\u00f3n IP67<\/li>\n<li>Metal en toda la carcasa<\/li>\n<\/ul>\n<\/div>\n<\/div>\n","protected":false},"excerpt":{"rendered":"<h1 id=\"title\" class=\"mb-3\">DAHUA HDW1801M &#8211; Camara Domo 4K\/ 8 Megapixeles\/ Lente de 2.8 mm\/ 105 Grados de Apertura\/ IR de 30 Mts\/ Metalica\/ WDR Real de 120 dB\/ Soporta: HDCVI, TVI, AHD Y CBVS \/ IP67\/<\/h1>\n","protected":false},"featured_media":352,"template":"","meta":[],"product_cat":[16],"product_tag":[],"_links":{"self":[{"href":"https:\/\/www.equipoelectronicogdl.com\/productos\/wp-json\/wp\/v2\/product\/351"}],"collection":[{"href":"https:\/\/www.equipoelectronicogdl.com\/productos\/wp-json\/wp\/v2\/product"}],"about":[{"href":"https:\/\/www.equipoelectronicogdl.com\/productos\/wp-json\/wp\/v2\/types\/product"}],"wp:featuredmedia":[{"embeddable":true,"href":"https:\/\/www.equipoelectronicogdl.com\/productos\/wp-json\/wp\/v2\/media\/352"}],"wp:attachment":[{"href":"https:\/\/www.equipoelectronicogdl.com\/productos\/wp-json\/wp\/v2\/media?parent=351"}],"wp:term":[{"taxonomy":"product_cat","embeddable":true,"href":"https:\/\/www.equipoelectronicogdl.com\/productos\/wp-json\/wp\/v2\/product_cat?post=351"},{"taxonomy":"product_tag","embeddable":true,"href":"https:\/\/www.equipoelectronicogdl.com\/productos\/wp-json\/wp\/v2\/product_tag?post=351"}],"curies":[{"name":"wp","href":"https:\/\/api.w.org\/{rel}","templated":true}]}}