{"id":350,"date":"2022-05-30T18:48:57","date_gmt":"2022-05-30T18:48:57","guid":{"rendered":"https:\/\/www.equipoelectronicogdl.com\/productos\/?post_type=product&#038;p=350"},"modified":"2022-05-30T18:49:00","modified_gmt":"2022-05-30T18:49:00","slug":"dahua-t1a21-28","status":"publish","type":"product","link":"https:\/\/www.equipoelectronicogdl.com\/productos\/producto\/dahua-t1a21-28\/","title":{"rendered":"DAHUA T1A21-28"},"content":{"rendered":"<div class=\"row aling-items-center padding-bottom-2x\">\n<div class=\"col-lg-12\">\n<h5 class=\"card-title text-center\">INFORMACI\u00d3N GENERAL.<\/h5>\n<p>La c\u00e1mara modelo\u00a0<strong>COOPER TIA21\u00a0<\/strong>es una c\u00e1mara de policarbonato con las tecnolog\u00edas HDCVI\/HDTVI\/AHD\/CVBS, proporciona video en alta definici\u00f3n a\u00a0una resoluci\u00f3n de 1080p (1920 x 1080), incorpora un lente fijo de 2.8 mm el cual proporciona un \u00e1ngulo de visi\u00f3n de\u00a0103 grados. Cuenta con DWDR, smart\u00a0IR con un alcance de 20 metros, men\u00fa osd.<\/p>\n<p><img class=\"overview-center-img-web\" src=\"https:\/\/tvc.mx\/media\/442935\/camara-domo-1080p-lente-2.8mm-smart-ir-20m-uso-interior-HAC-T1A21-dahua.png\" alt=\"\" \/><\/div>\n<\/div>\n<div class=\"row align-items-center padding-bottom-2x\">\n<div class=\"col-md-5\"><img class=\"d-block m-auto img-thumbnail\" src=\"https:\/\/tvc.mx\/media\/442939\/Smart-IR-Dahua.png\" alt=\" \" \/><\/div>\n<div class=\"col-md-7 text-md-left text-center\">\n<h2>SMART IR.<\/h2>\n<p class=\"text-muted\">\n<p class=\"ql-align-justify\">Con la iluminaci\u00f3n IR, las im\u00e1genes detalladas se pueden capturar con poca luz o oscuridad total. La tecnolog\u00eda Smart IR ajusta la intensidad de los LED infrarrojos para compensar la distancia de un objeto evitando\u00a0que los LEDs IR borren las im\u00e1genes a medida que se acercan a la c\u00e1mara. La iluminaci\u00f3n infrarroja integrada de la c\u00e1mara proporciona un alto rendimiento en entornos con poca luz extrema de hasta 20 mts.<\/p>\n<p>&nbsp;<\/p>\n<\/div>\n<\/div>\n<hr class=\"padding-bottom-2x\" \/>\n<div class=\"row align-items-center padding-bottom-2x\">\n<div class=\"col-md-5 order-md-2\"><img class=\"d-block m-auto img-thumbnail\" src=\"https:\/\/tvc.mx\/media\/442943\/Multiformatos-dahua.png\" alt=\" \" \/><\/div>\n<div class=\"col-md-7 order-md-1 text-md-left text-center\">\n<h2>DISTANCIA DORI.<\/h2>\n<p class=\"text-muted\">\n<p>La c\u00e1mara admite m\u00faltiples formatos de video, incluidos HDCVI, CVBS y otros dos formatos anal\u00f3gicos HD comunes en el mercado. Los cuatro formatos se pueden cambiar a trav\u00e9s del men\u00fa OSD o por PFM820 (controlador UTC). Esta caracter\u00edstica hace que la c\u00e1mara sea compatible no solo con los HCVR, sino tambi\u00e9n con los DVR HD \/ SD existentes de la mayor\u00eda de los usuarios finales.<\/p>\n<p>&nbsp;<\/p>\n<\/div>\n<\/div>\n<hr class=\"padding-bottom-2x\" \/>\n<div class=\"row align-items-center padding-bottom-2x\">\n<div class=\"col-md-5\"><img class=\"d-block m-auto img-thumbnail\" src=\"https:\/\/tvc.mx\/media\/442947\/WDR-Dahua.png\" alt=\" \" \/><\/div>\n<div class=\"col-md-7 text-md-left text-center\">\n<h2>DWDR.<\/h2>\n<p class=\"text-muted\">\n<p class=\"ql-align-justify\">Nuestra c\u00e1mara\u00a0cuenta con DWDR, esta funci\u00f3n\u00a0se encarga de medir, compensar y ajustar la luz en la imagen\u00a0captada para despu\u00e9s combinar los espacios de luces brillantes con los espacios de sombras que hay en una misma toma, creando\u00a0un equilibrio en la imagen final.<\/p>\n<p>&nbsp;<\/p>\n<\/div>\n<\/div>\n<hr class=\"padding-bottom-2x\" \/>\n<div class=\"row align-items-center padding-bottom-2x\">\n<div class=\"col-md-5 order-md-2\"><img class=\"d-block m-auto img-thumbnail\" src=\"https:\/\/tvc.mx\/media\/442963\/camara-domo-1080p-lente-2.8mm-smart-ir-20m-uso-interior-HAC-T1A21-dahua-caracteristicas.png\" alt=\" \" \/><\/div>\n<div class=\"col-md-7 order-md-1 text-md-left text-center\">\n<h2>CARACTER\u00cdSTICAS PRINCIPALES.<\/h2>\n<p class=\"text-muted\">\n<ul>\n<li>D-WDR &#8211; Amplio rango din\u00e1mico de la iluminaci\u00f3n<\/li>\n<li>2D-DNR &#8211; Reducci\u00f3n digital de ruido en la imagen<\/li>\n<li>BLC\/HLC &#8211; compensaci\u00f3n de luz de fondo \/ luz alta<\/li>\n<li>AGC &#8211; Ajuste autom\u00e1tico de la ganancia de la imagen<\/li>\n<li>ICR &#8211; Filtro mec\u00e1nico de infrarrojos<\/li>\n<li>Mirror &#8211; Imagen de espejo<\/li>\n<li>Balance de blancos autom\u00e1tico<\/li>\n<li>Sharpness &#8211; Enfoque de los contornos de la imagen<\/li>\n<\/ul>\n<p>&nbsp;<\/p>\n<\/div>\n<\/div>\n<hr class=\"padding-bottom-2x\" \/>\n<div class=\"row align-items-center padding-bottom-2x\">\n<div class=\"col-md-5\"><img class=\"d-block m-auto img-thumbnail\" src=\"https:\/\/tvc.mx\/media\/442967\/camara-domo-1080p-lente-2.8mm-smart-ir-20m-uso-interior-HAC-T1A21-dahua-especificaciones.png\" alt=\" \" \/><\/div>\n<div class=\"col-md-7 text-md-left text-center\">\n<h2>Especificaciones<\/h2>\n<p class=\"text-muted\">\n<ul>\n<li>1\/2.7\u00a0&#8221; Progressive Scan CMOS<\/li>\n<li>2.1\u00a0Megap\u00edxeles<\/li>\n<li>Rango del iluminador IR:20\u00a0m<\/li>\n<li>Ajuste de potencia del iluminador IR:Autom\u00e1tico<\/li>\n<li>Lente fijo 2.8\u00a0mm<\/li>\n<li>\u00c1ngulo de visi\u00f3n:103\u00a0\u00b0<\/li>\n<li>Salida de v\u00eddeo:AHD\u00a0\/\u00a0HD-CVI\u00a0\/\u00a0HD-TVI\u00a0\/\u00a0CVBS, 1\u00a0Vpp<\/li>\n<li>Men\u00fa de pantalla OSD: Men\u00fa OSD disponible a trav\u00e9s de la grabadora<\/li>\n<li>Alimentaci\u00f3n:12\u00a0V\u00a0DC\u00a0\/ 230\u00a0mA<\/li>\n<li>Carcasa: Pl\u00e1stico<\/li>\n<\/ul>\n<\/div>\n<\/div>\n","protected":false},"excerpt":{"rendered":"<h1 id=\"title\" class=\"mb-3\">DAHUA T1A21-28 &#8211; Camara Domo 1080p\/ Lente 2.8 mm \/ 103 Grados de Apertura\/ Smart ir 20 Mts\/ Uso Interior\/ CVI\/TVI\/AHD\/CBVS\/<\/h1>\n","protected":false},"featured_media":338,"template":"","meta":[],"product_cat":[16],"product_tag":[],"_links":{"self":[{"href":"https:\/\/www.equipoelectronicogdl.com\/productos\/wp-json\/wp\/v2\/product\/350"}],"collection":[{"href":"https:\/\/www.equipoelectronicogdl.com\/productos\/wp-json\/wp\/v2\/product"}],"about":[{"href":"https:\/\/www.equipoelectronicogdl.com\/productos\/wp-json\/wp\/v2\/types\/product"}],"wp:featuredmedia":[{"embeddable":true,"href":"https:\/\/www.equipoelectronicogdl.com\/productos\/wp-json\/wp\/v2\/media\/338"}],"wp:attachment":[{"href":"https:\/\/www.equipoelectronicogdl.com\/productos\/wp-json\/wp\/v2\/media?parent=350"}],"wp:term":[{"taxonomy":"product_cat","embeddable":true,"href":"https:\/\/www.equipoelectronicogdl.com\/productos\/wp-json\/wp\/v2\/product_cat?post=350"},{"taxonomy":"product_tag","embeddable":true,"href":"https:\/\/www.equipoelectronicogdl.com\/productos\/wp-json\/wp\/v2\/product_tag?post=350"}],"curies":[{"name":"wp","href":"https:\/\/api.w.org\/{rel}","templated":true}]}}