{"id":348,"date":"2022-05-30T18:45:27","date_gmt":"2022-05-30T18:45:27","guid":{"rendered":"https:\/\/www.equipoelectronicogdl.com\/productos\/?post_type=product&#038;p=348"},"modified":"2022-05-30T18:45:33","modified_gmt":"2022-05-30T18:45:33","slug":"dahua-cooper-t2a51-28","status":"publish","type":"product","link":"https:\/\/www.equipoelectronicogdl.com\/productos\/producto\/dahua-cooper-t2a51-28\/","title":{"rendered":"DAHUA COOPER T2A51-28"},"content":{"rendered":"<div class=\"row aling-items-center padding-bottom-2x\">\n<div class=\"col-lg-12\">\n<h5 class=\"card-title text-center\">Informaci\u00f3n General<\/h5>\n<p class=\"ql-align-justify\">La c\u00e1mara modelo\u00a0<strong>COOPER\u00a0<\/strong><strong>HACT2A510280<\/strong><strong>\u00a0<\/strong>es una c\u00e1mara met\u00e1lica con tecnolog\u00eda HDCVI, proporciona video en alta definici\u00f3n a\u00a0una resoluci\u00f3n de 5MP, incorpora un lente fijo de 2.8mm el cual proporciona un \u00e1ngulo de visi\u00f3n de\u00a093 grados. Cuenta con DWDR, Smart\u00a0IR con un alcance de 20 metros, men\u00fa OSD y adem\u00e1s la c\u00e1mara cuenta con un \u00edndice de protecci\u00f3n IP67 por lo que goza de una protecci\u00f3n contra el polvo y agua.<\/p>\n<p><img class=\"overview-center-img-web\" src=\"https:\/\/tvc.mx\/media\/443383\/camara-domo-de-5-megapixeles-smart-ir-ip67-HAC-T2A51-dahua.png\" alt=\"\" \/><\/div>\n<\/div>\n<div class=\"row align-items-center padding-bottom-2x\">\n<div class=\"col-md-5 order-md-2\"><img class=\"d-block m-auto img-thumbnail\" src=\"https:\/\/tvc.mx\/media\/11201\/res5mpbanner.png\" alt=\" \" \/><\/div>\n<div class=\"col-md-7 order-md-1 text-md-left text-center\">\n<h2>Resoluci\u00f3n 5MP<\/h2>\n<p class=\"text-muted\">\n<p class=\"ql-align-justify\">La c\u00e1mara nos permite lograr captar infinidad de detalles debido a su excelente resoluci\u00f3n de 5MP,\u00a0son una excelente opci\u00f3n para aplicaciones de negocios donde existe la necesidad de capturar el mayor detalle posible.<\/p>\n<p>&nbsp;<\/p>\n<\/div>\n<\/div>\n<hr class=\"padding-bottom-2x\" \/>\n<div class=\"row align-items-center padding-bottom-2x\">\n<div class=\"col-md-5\"><img class=\"d-block m-auto img-thumbnail\" src=\"https:\/\/tvc.mx\/media\/11202\/distancia-cvi-bann.PNG\" alt=\" \" \/><\/div>\n<div class=\"col-md-7 text-md-left text-center\">\n<h2>Larga distancia de Transmisi\u00f3n<\/h2>\n<p class=\"text-muted\">\n<p class=\"ql-align-justify\">La tecnolog\u00eda HDCVI en nuestra c\u00e1mara garantiza la transmisi\u00f3n en tiempo real a larga distancia sin ninguna p\u00e9rdida. Admite una transmisi\u00f3n de hasta 700 mts para video HD de 5MP a trav\u00e9s de un cable coaxial, y hasta 300 mts mediante un cable UTP.<\/p>\n<p>&nbsp;<\/p>\n<\/div>\n<\/div>\n<hr class=\"padding-bottom-2x\" \/>\n<div class=\"row align-items-center padding-bottom-2x\">\n<div class=\"col-md-5 order-md-2\"><img class=\"d-block m-auto img-thumbnail\" src=\"https:\/\/tvc.mx\/media\/11203\/dwdrbann.png\" alt=\" \" \/><\/div>\n<div class=\"col-md-7 order-md-1 text-md-left text-center\">\n<h2>DWDR<\/h2>\n<p class=\"text-muted\">\n<p class=\"ql-align-justify\">Nuestra c\u00e1mara cuenta con\u00a0<strong>DWDR<\/strong>, esta funci\u00f3n se encarga de medir, compensar y ajustar la luz en la imagen captada para despu\u00e9s combinar los espacios de luces brillantes con los espacios de sombras que hay en una misma toma, creando un equilibrio en la imagen final<\/p>\n<p>&nbsp;<\/p>\n<\/div>\n<\/div>\n<hr class=\"padding-bottom-2x\" \/>\n<div class=\"row align-items-center padding-bottom-2x\">\n<div class=\"col-md-5\"><img class=\"d-block m-auto img-thumbnail\" src=\"https:\/\/tvc.mx\/media\/11204\/smart-ir.png\" alt=\" \" \/><\/div>\n<div class=\"col-md-7 text-md-left text-center\">\n<h2>IR Inteligente<\/h2>\n<p class=\"text-muted\">\n<p class=\"ql-align-justify\">La c\u00e1mara tambi\u00e9n cuenta con Smart IR, esto es que los LEDs IR al ser activados en condiciones de poca luz regulan su intensidad dependiendo de las distancias que se encuentre el objeto en frente, esto evitar\u00e1 imagenes blancas y podr\u00e1 detectar m\u00e1s clara la imagen, los LEDs IR nos permiten una distancia de hasta\u00a0<strong>20<\/strong>\u00a0mts.<\/p>\n<p>&nbsp;<\/p>\n<\/div>\n<\/div>\n<hr class=\"padding-bottom-2x\" \/>\n<div class=\"row align-items-center padding-bottom-2x\">\n<div class=\"col-md-5 order-md-2\"><img class=\"d-block m-auto img-thumbnail\" src=\"https:\/\/tvc.mx\/media\/11206\/protext.png\" alt=\" \" \/><\/div>\n<div class=\"col-md-7 order-md-1 text-md-left text-center\">\n<h2>Protecci\u00f3n ambientes exteriores<\/h2>\n<p class=\"text-muted\">\n<p class=\"ql-align-justify\">La excelente fiabilidad de la c\u00e1mara es insuperable debido a su dise\u00f1o robusto. La c\u00e1mara est\u00e1 protegida contra el agua y el polvo con la clasificaci\u00f3n\u00a0<strong>IP67<\/strong>, lo que la hace adecuada para ambientes interiores o exteriores. Con un rango de temperatura de trabajo de\u00a0<strong>-40 \u00b0 C a +60 \u00b0 C,<\/strong>\u00a0la c\u00e1mara esta dise\u00f1ada para ambientes de temperaturas extremas.<\/p>\n<p class=\"ql-align-justify\">Con una tolerancia de voltaje de entrada de \u00b1 30%, esta c\u00e1mara se adapta incluso a las condiciones de alimentaci\u00f3n m\u00e1s inestables. Su rango de rayos de\u00a0<strong>4KV<\/strong>\u00a0proporciona protecci\u00f3n contra la c\u00e1mara y su estructura de los efectos de los rayos.<\/p>\n<p>&nbsp;<\/p>\n<\/div>\n<\/div>\n<hr class=\"padding-bottom-2x\" \/>\n<div class=\"row align-items-center padding-bottom-2x\">\n<div class=\"col-md-5\"><img class=\"d-block m-auto img-thumbnail\" src=\"https:\/\/tvc.mx\/media\/443387\/camara-domo-hdcvi1080p-lente-3.6mm-smart-ir-ip67-HAC-T2A21-dahua-caracteristicas.png\" alt=\" \" \/><\/div>\n<div class=\"col-md-7 text-md-left text-center\">\n<h2>Principales Caracter\u00edsticas<\/h2>\n<p class=\"text-muted\">\n<ul>\n<li>D-WDR &#8211; Amplio rango din\u00e1mico de la iluminaci\u00f3n<\/li>\n<li>2D-DNR &#8211; Reducci\u00f3n digital de ruido en la imagen<\/li>\n<li>BLC\/HLC &#8211; compensaci\u00f3n de luz de fondo \/ luz alta<\/li>\n<li>AGC &#8211; Ajuste autom\u00e1tico de la ganancia de la imagen<\/li>\n<li>ICR &#8211; Filtro mec\u00e1nico de infrarrojos<\/li>\n<li>Mirror &#8211; Imagen de espejo<\/li>\n<li>Balance de blancos autom\u00e1tico<\/li>\n<li>Sharpness &#8211; Enfoque de los contornos de la image<\/li>\n<\/ul>\n<p>&nbsp;<\/p>\n<\/div>\n<\/div>\n<hr class=\"padding-bottom-2x\" \/>\n<div class=\"row align-items-center padding-bottom-2x\">\n<div class=\"col-md-5 order-md-2\"><img class=\"d-block m-auto img-thumbnail\" src=\"https:\/\/tvc.mx\/media\/443391\/camara-domo-hdcvi1080p-lente-3.6mm-smart-ir-ip67-HAC-T2A21-dahua-especificaciones.png\" alt=\" \" \/><\/div>\n<div class=\"col-md-7 order-md-1 text-md-left text-center\">\n<h2>Especificaciones<\/h2>\n<p class=\"text-muted\">\n<ul>\n<li>1\/2.7\u00a0&#8221; Progressive Scan CMOS<\/li>\n<li>5 megap\u00edxeles<\/li>\n<li>Rango del iluminador IR:20\u00a0m<\/li>\n<li>Ajuste de potencia del iluminador IR: Autom\u00e1tico<\/li>\n<li>Lente fijo 2.8mm<\/li>\n<li>Salida de v\u00eddeo:\u00a0HD-CVI\u00a0\/\u00a0HD-TVI\u00a0\/\u00a0AHD\u00a0\/\u00a0PAL, 1\u00a0Vpp<\/li>\n<li>Alimentaci\u00f3n:12\u00a0V\u00a0DC\u00a0\/ 220\u00a0mA<\/li>\n<li>Grado de protecci\u00f3n:IP67<\/li>\n<li>Carcasa: Aluminio<\/li>\n<\/ul>\n<\/div>\n<\/div>\n","protected":false},"excerpt":{"rendered":"<h1 id=\"title\" class=\"mb-3\">DAHUA COOPER T2A51-28 &#8211; Camara Domo de 5 Megapixeles\/106 Grados de Apertura\/ Metalica\/ Lente de 2.8 mm\/ IR de 20 Metros\/ Soporta: CVI, AHD, TVI y CVBS\/<\/h1>\n","protected":false},"featured_media":349,"template":"","meta":[],"product_cat":[16],"product_tag":[],"_links":{"self":[{"href":"https:\/\/www.equipoelectronicogdl.com\/productos\/wp-json\/wp\/v2\/product\/348"}],"collection":[{"href":"https:\/\/www.equipoelectronicogdl.com\/productos\/wp-json\/wp\/v2\/product"}],"about":[{"href":"https:\/\/www.equipoelectronicogdl.com\/productos\/wp-json\/wp\/v2\/types\/product"}],"wp:featuredmedia":[{"embeddable":true,"href":"https:\/\/www.equipoelectronicogdl.com\/productos\/wp-json\/wp\/v2\/media\/349"}],"wp:attachment":[{"href":"https:\/\/www.equipoelectronicogdl.com\/productos\/wp-json\/wp\/v2\/media?parent=348"}],"wp:term":[{"taxonomy":"product_cat","embeddable":true,"href":"https:\/\/www.equipoelectronicogdl.com\/productos\/wp-json\/wp\/v2\/product_cat?post=348"},{"taxonomy":"product_tag","embeddable":true,"href":"https:\/\/www.equipoelectronicogdl.com\/productos\/wp-json\/wp\/v2\/product_tag?post=348"}],"curies":[{"name":"wp","href":"https:\/\/api.w.org\/{rel}","templated":true}]}}