{"id":334,"date":"2022-05-30T17:56:26","date_gmt":"2022-05-30T17:56:26","guid":{"rendered":"https:\/\/www.equipoelectronicogdl.com\/productos\/?post_type=product&#038;p=334"},"modified":"2022-05-30T17:56:27","modified_gmt":"2022-05-30T17:56:27","slug":"dahua-dhi-xvr5116h-4kl","status":"publish","type":"product","link":"https:\/\/www.equipoelectronicogdl.com\/productos\/producto\/dahua-dhi-xvr5116h-4kl\/","title":{"rendered":"DAHUA DHI-XVR5116H-4KL"},"content":{"rendered":"<div id=\"product-details-container\" class=\"container-fluid mb-1\">\n<div class=\"tab-content\">\n<div id=\"overviews\" class=\"tab-pane fade show active\" role=\"tabpanel\">\n<div class=\"container-fluid padding-bottom-2x mb-2\">\n<div class=\"row aling-items-center padding-bottom-2x\">\n<div class=\"col-lg-12\">\n<h5 class=\"card-title text-center\">Informaci\u00f3n General<\/h5>\n<p>El grabador\u00a0<strong>XVR5116H-4KL<\/strong>\u00a0es un DVR Penta-h\u00edbrido de la\u00a0<strong>Serie Lite<\/strong>, dise\u00f1ado para trabajar con las tecnolog\u00edas existentes en el mercado, acepta c\u00e1maras HDCVI \/AHD\/TVI\/CVBS\/IP, ofreciendo una excelente soluci\u00f3n para los usuarios que requieren calidad y gran rendimiento. Este DVR soporta resoluciones\u00a0<strong>desde 720P hasta 4K<\/strong>\u00a0con soporte de la tecnolog\u00eda de compresi\u00f3n\u00a0<strong>H.264+<\/strong>.<\/p>\n<p><img class=\"overview-center-img-web\" src=\"https:\/\/tvc.mx\/media\/391523\/Dahua---XVR5116H-4KL-Grabador-16-canales-4k-Entrada-salida-audio-8-ip-adicional.png\" alt=\"\" \/><\/p>\n<\/div>\n<\/div>\n<div class=\"row align-items-center padding-bottom-2x\">\n<div class=\"col-md-5 order-md-2\"><img class=\"d-block m-auto img-thumbnail\" src=\"https:\/\/tvc.mx\/media\/391527\/Multiformatos-dahua.png\" alt=\" \" \/><\/div>\n<div class=\"col-md-7 order-md-1 text-md-left text-center\">\n<h2>Detecci\u00f3n Autom\u00e1tica de Tecnolog\u00edas<\/h2>\n<p>El\u00a0grabador\u00a0<strong>XVR5116H-4KL<\/strong>\u00a0puede reconocer autom\u00e1ticamente la se\u00f1al de v\u00eddeo dependiendo de la tecnolog\u00eda que tenga de manera autom\u00e1tica ya que el dvr cuenta con esa funci\u00f3n, adem\u00e1s de poder dejar el tipo de tecnolog\u00eda fija como es CVI, TVI, AHD, CVBS, IP.<\/p>\n<p>&nbsp;<\/p>\n<\/div>\n<\/div>\n<hr class=\"padding-bottom-2x\" \/>\n<div class=\"row align-items-center padding-bottom-2x\">\n<div class=\"col-md-5\"><img class=\"d-block m-auto img-thumbnail\" src=\"https:\/\/tvc.mx\/media\/391531\/h.264-dahua.png\" alt=\" \" \/><\/div>\n<div class=\"col-md-7 text-md-left text-center\">\n<h2>Codificaci\u00f3n Inteligente<\/h2>\n<p>El grabador cuenta con la tecnolog\u00eda Smart H.264+, Dahua ha optimizado\u00a0esta compresi\u00f3n,\u00a0reduciendo hasta 70%\u00a0la tasa de bits y los requisitos de\u00a0almacenamiento sobre el est\u00e1ndar H.264, con esto asegura la calidad de v\u00eddeo ahorrando los costos de estos<\/p>\n<p>&nbsp;<\/p>\n<\/div>\n<\/div>\n<hr class=\"padding-bottom-2x\" \/>\n<div class=\"row align-items-center padding-bottom-2x\">\n<div class=\"col-md-5 order-md-2\"><img class=\"d-block m-auto img-thumbnail\" src=\"https:\/\/tvc.mx\/media\/391535\/Metadatos-dahua.png\" alt=\" \" \/><\/div>\n<div class=\"col-md-7 order-md-1 text-md-left text-center\">\n<h2>B\u00fasqueda Inteligente<\/h2>\n<p>Otra funci\u00f3n importante con la que cuenta nuestro grabador, es la funci\u00f3n\u00a0<strong>Smart Search o b\u00fasqueda inteligente<\/strong>, esta funci\u00f3n ayudar\u00e1 a obtener v\u00eddeo a trav\u00e9s de la detecci\u00f3n de movimiento durante un corto\u00a0tiempo al dibujar una regi\u00f3n cuando se reproduce. Es muy \u00fatil cuando ocurre una\u00a0emergencia y necesitamos encontrar la evidencia r\u00e1pidamente.<\/p>\n<p>&nbsp;<\/p>\n<\/div>\n<\/div>\n<hr class=\"padding-bottom-2x\" \/>\n<div class=\"row align-items-center padding-bottom-2x\">\n<div class=\"col-md-5\"><img class=\"d-block m-auto img-thumbnail\" src=\"https:\/\/tvc.mx\/media\/391539\/tabla-de-compayibilidad-de-HDD-para-equipo-dahua.png\" alt=\" \" \/><\/div>\n<div class=\"col-md-7 text-md-left text-center\">\n<h2>Tabla de compatibilidad HDD<\/h2>\n<p>El almacenamiento es parte fundamental de un sistema de videovigilancia por tal motivo te recomendamos revisar nuestra lista de compatibilidad antes de seleccionar un disco duro (HDD).<\/p>\n<p>https:\/\/foro.tvc.mx\/docs\/lista-compatibilidad-hdd<\/p>\n<p>&nbsp;<\/p>\n<\/div>\n<\/div>\n<hr class=\"padding-bottom-2x\" \/>\n<div class=\"row align-items-center padding-bottom-2x\">\n<div class=\"col-md-5 order-md-2\"><img class=\"d-block m-auto img-thumbnail\" src=\"https:\/\/tvc.mx\/media\/391543\/Dahua---XVR5116H-4KL-Grabador-16-canales-4k-Entrada-salida-audio-8-ip-adicional-pp-caracteristicas.png\" alt=\" \" \/><\/div>\n<div class=\"col-md-7 order-md-1 text-md-left text-center\">\n<h2>Principales Caracter\u00edsticas<\/h2>\n<ul>\n<li class=\"ql-align-justify\">Procesador integrado<\/li>\n<li class=\"ql-align-justify\">Compresi\u00f3n de video de doble flujo H.264 + \/ H.264<\/li>\n<li class=\"ql-align-justify\">Admite entradas de video HDCVI \/ AHD \/ TVI \/ CVBS \/ IP<\/li>\n<li class=\"ql-align-justify\">Entradas de c\u00e1mara IP m\u00e1x. De 12\/24 canales, cada canal hasta 8MP; Ancho de banda entrante m\u00e1ximo de 48\/96 Mbps<\/li>\n<li class=\"ql-align-justify\">B\u00fasqueda inteligente y sistema de video inteligente<\/li>\n<\/ul>\n<p>&nbsp;<\/p>\n<\/div>\n<\/div>\n<hr class=\"padding-bottom-2x\" \/>\n<div class=\"row align-items-center padding-bottom-2x\">\n<div class=\"col-md-5\"><img class=\"d-block m-auto img-thumbnail\" src=\"https:\/\/tvc.mx\/media\/391547\/Dahua---XVR5116H-4KL-Grabador-16-canales-4k-Entrada-salida-audio-8-ip-adicional-especificaciones.png\" alt=\" \" \/><\/div>\n<div class=\"col-md-7 text-md-left text-center\">\n<h2>Especificaciones<\/h2>\n<ul>\n<li>8\/16 canales, BNC<\/li>\n<li>Entrada de c\u00e1mara IP: 8 + 4\/16 + 8 canales, cada canal hasta 8MP<\/li>\n<li>Compresi\u00f3n H.264 + \/ H.264<\/li>\n<li>Interfaz 1 HDMI, 1 VGA<\/li>\n<li>OSD: T\u00edtulo de la c\u00e1mara, Hora, P\u00e9rdida de video, Bloqueo de la c\u00e1mara, Detecci\u00f3n de movimiento, Grabaci\u00f3n<\/li>\n<li>Reproducci\u00f3n: 8 canales: 1\/4\/9; 16 canales: 1\/4\/9\/16<\/li>\n<li>Modo de respaldo Dispositivo USB \/ Red<\/li>\n<li>1 puerto SATA, hasta 8 TB de capacidad<\/li>\n<li>2 puertos USB (1 USB 2.0, 1 USB 3.0)<\/li>\n<li>1 puerto, para control PTZ<\/li>\n<li>\u00a0DC12V \/ 3A<\/li>\n<\/ul>\n<p>&nbsp;<\/p>\n<\/div>\n<\/div>\n<hr class=\"padding-bottom-2x\" \/>\n<div class=\"row align-items-center padding-bottom-2x\">\n<div class=\"col-md-5 order-md-2\"><img class=\"d-block m-auto img-thumbnail\" src=\"https:\/\/tvc.mx\/media\/391555\/Dahua.png\" alt=\" \" \/><\/div>\n<div class=\"col-md-7 order-md-1 text-md-left text-center\">\n<h2>Incluye<\/h2>\n<ul>\n<li>Fuente 12 V cc \/ 3 A<\/li>\n<li>Tornillos para montaje de HDD<\/li>\n<li>Cable SATA<\/li>\n<li class=\"ql-align-justify\">Mouse<\/li>\n<\/ul>\n<p>&nbsp;<\/p>\n<\/div>\n<\/div>\n<\/div>\n<\/div>\n<\/div>\n<\/div>\n<div class=\"container padding-bottom-3x mb-1\"><\/div>\n","protected":false},"excerpt":{"rendered":"<h1 id=\"title\" class=\"mb-3\">DAHUA DHI-XVR5116H-4KL &#8211; DVR de 16 Canales 4k\/ H.264+\/ 8 Canales IP Adicionales (24 Canales Totales)\/ 1 E&amp;S de Audio\/ 1 Puerto Sata de Hasta 8 TB\/ HDMI&amp;VGA<\/h1>\n","protected":false},"featured_media":335,"template":"","meta":[],"product_cat":[16],"product_tag":[],"_links":{"self":[{"href":"https:\/\/www.equipoelectronicogdl.com\/productos\/wp-json\/wp\/v2\/product\/334"}],"collection":[{"href":"https:\/\/www.equipoelectronicogdl.com\/productos\/wp-json\/wp\/v2\/product"}],"about":[{"href":"https:\/\/www.equipoelectronicogdl.com\/productos\/wp-json\/wp\/v2\/types\/product"}],"wp:featuredmedia":[{"embeddable":true,"href":"https:\/\/www.equipoelectronicogdl.com\/productos\/wp-json\/wp\/v2\/media\/335"}],"wp:attachment":[{"href":"https:\/\/www.equipoelectronicogdl.com\/productos\/wp-json\/wp\/v2\/media?parent=334"}],"wp:term":[{"taxonomy":"product_cat","embeddable":true,"href":"https:\/\/www.equipoelectronicogdl.com\/productos\/wp-json\/wp\/v2\/product_cat?post=334"},{"taxonomy":"product_tag","embeddable":true,"href":"https:\/\/www.equipoelectronicogdl.com\/productos\/wp-json\/wp\/v2\/product_tag?post=334"}],"curies":[{"name":"wp","href":"https:\/\/api.w.org\/{rel}","templated":true}]}}