{"id":331,"date":"2022-05-30T17:51:04","date_gmt":"2022-05-30T17:51:04","guid":{"rendered":"https:\/\/www.equipoelectronicogdl.com\/productos\/?post_type=product&#038;p=331"},"modified":"2022-05-30T17:51:08","modified_gmt":"2022-05-30T17:51:08","slug":"dahua-xvr5216an-s2","status":"publish","type":"product","link":"https:\/\/www.equipoelectronicogdl.com\/productos\/producto\/dahua-xvr5216an-s2\/","title":{"rendered":"DAHUA XVR5216AN-S2"},"content":{"rendered":"<div class=\"row aling-items-center padding-bottom-2x\">\n<div class=\"col-lg-12\">\n<h5 class=\"card-title text-center\">Informaci\u00f3n General<\/h5>\n<p>El grabador\u00a0<strong>XVR5216AN-S2<\/strong>\u00a0es un DVR Penta-h\u00edbrido de la Serie Lite, dise\u00f1ado para trabajar con las tecnolog\u00edas existentes en el mercado, acepta c\u00e1maras HDCVI \/AHD\/TVI\/CVBS\/IP, ofreciendo una excelente soluci\u00f3n para los usuarios que requieren calidad y gran rendimiento. Este DVR soporta resoluciones 4MP Lite con soporte de la tecnolog\u00eda de compresi\u00f3n H.264+.<\/p>\n<p><img class=\"overview-center-img-web\" src=\"https:\/\/tvc.mx\/media\/384107\/Dahua-XVR5216AN-S2-Grabador-16-canales-4MP-Lite-8-Canales-IP-adicionales-IVS-h.264plus.png\" alt=\"\" \/><\/div>\n<\/div>\n<div class=\"row align-items-center padding-bottom-2x\">\n<div class=\"col-md-5 order-md-2\"><img class=\"d-block m-auto img-thumbnail\" src=\"https:\/\/tvc.mx\/media\/384147\/h.264-dahua.png\" alt=\" \" \/><\/div>\n<div class=\"col-md-7 order-md-1 text-md-left text-center\">\n<h2>Compresi\u00f3n H.264+<\/h2>\n<p class=\"text-muted\">\n<p>El grabador\u00a0<strong>XVR5216AN-S2<\/strong>\u00a0cuenta con la compresi\u00f3n de video Smart H.264+, este c\u00f3dec de compresi\u00f3n de video mejora enormemente la calidad\u00a0hasta en un 70% reduciendo el consumo de ancho de banda y de disco duro<\/p>\n<p>&nbsp;<\/p>\n<\/div>\n<\/div>\n<hr class=\"padding-bottom-2x\" \/>\n<div class=\"row align-items-center padding-bottom-2x\">\n<div class=\"col-md-5\"><img class=\"d-block m-auto img-thumbnail\" src=\"https:\/\/tvc.mx\/media\/384151\/Resolucion-de-4mp-litr-Dahua.png\" alt=\" \" \/><\/div>\n<div class=\"col-md-7 text-md-left text-center\">\n<h2>Resoluci\u00f3n 4MP Lite<\/h2>\n<p class=\"text-muted\">\n<p>El grabador\u00a0<strong>XVR5216AN-S2<\/strong>\u00a0nos permite incorporar c\u00e1maras de 4MP, ya que soporta la resoluci\u00f3n 4MN o tambi\u00e9n llamada 4MP Lite ( 1280 x 1440 ), esta resoluci\u00f3n reduce a la mitad la codificaci\u00f3n para mostrar en pantalla una calidad 4MP y la grabaci\u00f3n en 2MP.<\/p>\n<p>&nbsp;<\/p>\n<\/div>\n<\/div>\n<hr class=\"padding-bottom-2x\" \/>\n<div class=\"row align-items-center padding-bottom-2x\">\n<div class=\"col-md-5 order-md-2\"><img class=\"d-block m-auto img-thumbnail\" src=\"https:\/\/tvc.mx\/media\/384155\/Multiformatos-dahua.png\" alt=\" \" \/><\/div>\n<div class=\"col-md-7 order-md-1 text-md-left text-center\">\n<h2>Detecci\u00f3n Autom\u00e1tica de Tecnolog\u00edas<\/h2>\n<p class=\"text-muted\">\n<p>El\u00a0grabador\u00a0<strong>XVR5216AN-S2<\/strong>\u00a0puede reconocer autom\u00e1ticamente la se\u00f1al de v\u00eddeo dependiendo de la tecnolog\u00eda que tenga de manera autom\u00e1tica ya que el dvr cuenta con esa funci\u00f3n, adem\u00e1s de poder dejar el tipo de tecnolog\u00eda fija como es CVI, TVI, AHD, CVBS, IP.<\/p>\n<p>&nbsp;<\/p>\n<\/div>\n<\/div>\n<hr class=\"padding-bottom-2x\" \/>\n<div class=\"row align-items-center padding-bottom-2x\">\n<div class=\"col-md-5\"><img class=\"d-block m-auto img-thumbnail\" src=\"https:\/\/tvc.mx\/media\/384159\/ventilador-inteligente-Dahua.png\" alt=\" \" \/><\/div>\n<div class=\"col-md-7 text-md-left text-center\">\n<h2>Ventilador Inteligente<\/h2>\n<p class=\"text-muted\">\n<p>El grabador cuenta con un ventilador inteligente puede encenderse o apagarse autom\u00e1ticamente de acuerdo con la temperatura del procesador. Esta funci\u00f3n puede reducir eficazmente el ruido del ventilador para proporcionar una mejor experiencia de usuario y, al mismo tiempo, prolongar la vida \u00fatil del ventilador.<\/p>\n<p>&nbsp;<\/p>\n<\/div>\n<\/div>\n<hr class=\"padding-bottom-2x\" \/>\n<div class=\"row align-items-center padding-bottom-2x\">\n<div class=\"col-md-5 order-md-2\"><img class=\"d-block m-auto img-thumbnail\" src=\"https:\/\/tvc.mx\/media\/384163\/Busqueda-inteligente.png\" alt=\" \" \/><\/div>\n<div class=\"col-md-7 order-md-1 text-md-left text-center\">\n<h2>B\u00fasqueda Inteligente<\/h2>\n<p class=\"text-muted\">\n<p>Otra funci\u00f3n importante con la que cuenta nuestro grabador, es el Smart Search o b\u00fasqueda inteligente, esta funci\u00f3n ayudar\u00e1 a obtener v\u00eddeo a trav\u00e9s de la detecci\u00f3n de movimiento durante un corto\u00a0tiempo al dibujar una regi\u00f3n cuando se reproduce. Es muy \u00fatil cuando ocurre una\u00a0emergencia y necesitamos encontrar la evidencia r\u00e1pidamente.<\/p>\n<p>&nbsp;<\/p>\n<\/div>\n<\/div>\n<hr class=\"padding-bottom-2x\" \/>\n<div class=\"row align-items-center padding-bottom-2x\">\n<div class=\"col-md-5\"><img class=\"d-block m-auto img-thumbnail\" src=\"https:\/\/tvc.mx\/media\/384167\/Dahua-XVR5216AN-S2-Grabador-16-canales-4MP-Lite-8-Canales-IP-adicionales-IVS-h.264plus-pp-caaracteristicas.png\" alt=\" \" \/><\/div>\n<div class=\"col-md-7 text-md-left text-center\">\n<h2>Principales Caracter\u00edsticas<\/h2>\n<p class=\"text-muted\">\n<ul>\n<li class=\"ql-align-justify\">\u00b7 Procesador integrado<\/li>\n<li class=\"ql-align-justify\">Compresi\u00f3n de video de doble flujo H.264 + \/ H.264<\/li>\n<li class=\"ql-align-justify\">Admite entradas de video HDCVI \/ AHD \/ TVI \/ CVBS \/ IP<\/li>\n<li class=\"ql-align-justify\">Entradas de c\u00e1mara IP m\u00e1x. De 6\/12\/24 canales, cada canal hasta 5MP; Ancho de banda entrante m\u00e1ximo de 24\/48\/96 Mbps<\/li>\n<li class=\"ql-align-justify\">B\u00fasqueda inteligente y sistema de video inteligente<\/li>\n<\/ul>\n<p>&nbsp;<\/p>\n<\/div>\n<\/div>\n<hr class=\"padding-bottom-2x\" \/>\n<div class=\"row align-items-center padding-bottom-2x\">\n<div class=\"col-md-5 order-md-2\"><img class=\"d-block m-auto img-thumbnail\" src=\"https:\/\/tvc.mx\/media\/384183\/Dahua-XVR5216AN-S2-Grabador-16-canales-4MP-Lite-8-Canales-IP-adicionales-IVS-h.264plus-especificaciones.png\" alt=\" \" \/><\/div>\n<div class=\"col-md-7 order-md-1 text-md-left text-center\">\n<h2>Especificaciones<\/h2>\n<p class=\"text-muted\">\n<ul>\n<li>Sistema operativo LINUX integrado<\/li>\n<li>Entrada de c\u00e1mara anal\u00f3gica 4\/8\/16 canales, BNC<\/li>\n<li>Compresi\u00f3n H.264 + \/ H.264<\/li>\n<li>Tasa de bits 1 Kbps ~ 6144 Kbps por canal<\/li>\n<li>1 HDMI<\/li>\n<li>1 VGA<\/li>\n<li>Modo de b\u00fasqueda Hora \/ fecha, alarma, MD y b\u00fasqueda exacta (con precisi\u00f3n de segundos)<\/li>\n<li>Modo de respaldo Dispositivo USB \/ Red<\/li>\n<li>2 puertos SATA, hasta 8 TB de capacidad<\/li>\n<li>1 USB 2.0<\/li>\n<li>1 USB 3.0<\/li>\n<li>Fuente de alimentaci\u00f3n DC12V \/ 4A<\/li>\n<\/ul>\n<p>&nbsp;<\/p>\n<\/div>\n<\/div>\n<hr class=\"padding-bottom-2x\" \/>\n<div class=\"row align-items-center padding-bottom-2x\">\n<div class=\"col-md-5\"><img class=\"d-block m-auto img-thumbnail\" src=\"https:\/\/tvc.mx\/media\/384171\/Dahua.png\" alt=\" \" \/><\/div>\n<div class=\"col-md-7 text-md-left text-center\">\n<h2>Incluye<\/h2>\n<p class=\"text-muted\">\n<ul>\n<li>Fuente 12 V cc \/ 4 A<\/li>\n<li>Tornillos para montaje de HDD<\/li>\n<li>Cable SATA<\/li>\n<li class=\"ql-align-justify\">Mouse<\/li>\n<\/ul>\n<\/div>\n<\/div>\n","protected":false},"excerpt":{"rendered":"<h1 id=\"title\" class=\"mb-3\">DAHUA XVR5216AN-S2 &#8211; DVR de 16 Canales de 4 Megapixeles Lite\/ H.264+\/ 2 Bah\u00edas de Discos Duros\/ 8 Canales IP Adicionales\/ IVS\/ HDMI&amp;VGA\/ Busqueda Inteligente\/ Soporta: HDCVI\/AHD\/TVI\/CVBS\/IP\/<\/h1>\n","protected":false},"featured_media":332,"template":"","meta":[],"product_cat":[16],"product_tag":[],"_links":{"self":[{"href":"https:\/\/www.equipoelectronicogdl.com\/productos\/wp-json\/wp\/v2\/product\/331"}],"collection":[{"href":"https:\/\/www.equipoelectronicogdl.com\/productos\/wp-json\/wp\/v2\/product"}],"about":[{"href":"https:\/\/www.equipoelectronicogdl.com\/productos\/wp-json\/wp\/v2\/types\/product"}],"wp:featuredmedia":[{"embeddable":true,"href":"https:\/\/www.equipoelectronicogdl.com\/productos\/wp-json\/wp\/v2\/media\/332"}],"wp:attachment":[{"href":"https:\/\/www.equipoelectronicogdl.com\/productos\/wp-json\/wp\/v2\/media?parent=331"}],"wp:term":[{"taxonomy":"product_cat","embeddable":true,"href":"https:\/\/www.equipoelectronicogdl.com\/productos\/wp-json\/wp\/v2\/product_cat?post=331"},{"taxonomy":"product_tag","embeddable":true,"href":"https:\/\/www.equipoelectronicogdl.com\/productos\/wp-json\/wp\/v2\/product_tag?post=331"}],"curies":[{"name":"wp","href":"https:\/\/api.w.org\/{rel}","templated":true}]}}