{"id":329,"date":"2022-05-30T17:46:49","date_gmt":"2022-05-30T17:46:49","guid":{"rendered":"https:\/\/www.equipoelectronicogdl.com\/productos\/?post_type=product&#038;p=329"},"modified":"2022-05-30T17:46:53","modified_gmt":"2022-05-30T17:46:53","slug":"dahua-xvr1b16-i","status":"publish","type":"product","link":"https:\/\/www.equipoelectronicogdl.com\/productos\/producto\/dahua-xvr1b16-i\/","title":{"rendered":"DAHUA XVR1B16-I"},"content":{"rendered":"<div class=\"row aling-items-center padding-bottom-2x\">\n<div class=\"col-lg-12\">\n<h5 class=\"card-title text-center\">Informaci\u00f3n general<\/h5>\n<p>Dahua Technology, un proveedor de servicios y soluciones de IoT inteligente centrado en video l\u00edder en el mundo, present\u00f3 su nueva serie XVR, Cooper Series con SMD Plus para beneficiar a los clientes de la actualizaci\u00f3n de AI. La serie est\u00e1 dise\u00f1ada para reducir las tasas de falsas alarmas y los costos de vigilancia humana, lo que brinda un gran valor a los clientes en busca de productos con alarmas precisas para personas \/ veh\u00edculos para elevar el nivel de seguridad de varias instalaciones interiores y exteriores.<\/p>\n<p><img class=\"overview-center-img-web\" src=\"https:\/\/tvc.mx\/media\/407983\/DVR-16-canales-Wizsense-h265%2B-Dahua-XVR1B16-1-imgpp.png\" alt=\"\" \/><\/div>\n<\/div>\n<div class=\"row align-items-center padding-bottom-2x\">\n<div class=\"col-md-5\"><img class=\"d-block m-auto img-thumbnail\" src=\"https:\/\/tvc.mx\/media\/407987\/SMD-plus-Dahua.png\" alt=\" \" \/><\/div>\n<div class=\"col-md-7 text-md-left text-center\">\n<h2>SMD Plus<\/h2>\n<p class=\"text-muted\">\n<p>Denominado\u00a0<strong>Smart Motion Detection Plus<\/strong>, que es una actualizaci\u00f3n de la versi\u00f3n de\u00a0<strong>SMD<\/strong>\u00a0que mejora en gran medida la precisi\u00f3n de la alarma al cargar algoritmos de aprendizaje profundo. Analiza formas de personas y veh\u00edculos basado en la detecci\u00f3n de movimiento y env\u00edos de alarmas solo cuando la persona y el veh\u00edculo se detecten.<\/p>\n<ul>\n<li><strong>Para habilitar SMD Plus NO deber\u00e1 tener activado alg\u00fan otro anal\u00edtico.<\/strong><\/li>\n<\/ul>\n<p>&nbsp;<\/p>\n<\/div>\n<\/div>\n<hr class=\"padding-bottom-2x\" \/>\n<div class=\"row align-items-center padding-bottom-2x\">\n<div class=\"col-md-5 order-md-2\"><img class=\"d-block m-auto img-thumbnail\" src=\"https:\/\/tvc.mx\/media\/210176\/Codificacion-IA-Dahua-XVR-HDCVI-6.0.jpg\" alt=\" \" \/><\/div>\n<div class=\"col-md-7 order-md-1 text-md-left text-center\">\n<h2>Codificaci\u00f3n IA<\/h2>\n<p class=\"text-muted\">\n<p><strong>WizSense<\/strong>\u00a0es una serie de productos y soluciones de inteligencia artificial que adoptan un\u00a0<strong>chip de IA<\/strong>\u00a0independiente y un algoritmo de aprendizaje profundo. Se enfoca en humanos y veh\u00edculos con alta precisi\u00f3n, lo que permite a los usuarios actuar r\u00e1pidamente sobre objetivos definidos.<\/p>\n<p>En comparaci\u00f3n con\u00a0<strong>H.265<\/strong>, el\u00a0<strong>c\u00f3dec AI<\/strong>\u00a0puede reducir hasta un\u00a0<strong>50%<\/strong>\u00a0la velocidad de bits y los requisitos de almacenamiento sin perder la compatibilidad de decodificaci\u00f3n, proporcionando detalles claros sobre humanos y veh\u00edculos.<\/p>\n<p>&nbsp;<\/p>\n<\/div>\n<\/div>\n<hr class=\"padding-bottom-2x\" \/>\n<div class=\"row align-items-center padding-bottom-2x\">\n<div class=\"col-md-5\"><img class=\"d-block m-auto img-thumbnail\" src=\"https:\/\/tvc.mx\/media\/407991\/codificacion-h.265-dahua.png\" alt=\" \" \/><\/div>\n<div class=\"col-md-7 text-md-left text-center\">\n<h2>H.265+<\/h2>\n<p class=\"text-muted\">\n<p class=\"ql-align-justify\">Dahua ha optimizado H.265 con su c\u00f3dec Smart\u00a0<strong>H.265+<\/strong>, proporcionando hasta\u00a0<strong>80%<\/strong>\u00a0de ahorro de ancho de banda y almacenamiento sobre el est\u00e1ndar H.264. Cuatro tecnolog\u00edas innovadoras trabajan en conjunto para hacer que Smart H.265 + sea tan potente<\/p>\n<p class=\"ql-align-justify\">\u00bfC\u00f3mo?<\/p>\n<p class=\"ql-align-justify\">H.265 + toma una imagen de un entorno estable, lo utiliza como marco de fondo y se centra s\u00f3lo en los objetos en movimiento. Cuando hay una interrupci\u00f3n en el \u00e1rea de vigilancia, H265 + toma la imagen del objeto en movimiento y lo utiliza como marco de referencia. Si el objeto sigue movi\u00e9ndose, el sistema s\u00f3lo agrega datos de objetos en movimiento.<\/p>\n<p>&nbsp;<\/p>\n<\/div>\n<\/div>\n<hr class=\"padding-bottom-2x\" \/>\n<div class=\"row align-items-center padding-bottom-2x\">\n<div class=\"col-md-5 order-md-2\"><img class=\"d-block m-auto img-thumbnail\" src=\"https:\/\/tvc.mx\/media\/407995\/tabla-de-compayibilidad-de-HDD-para-equipo-dahua.png\" alt=\" \" \/><\/div>\n<div class=\"col-md-7 order-md-1 text-md-left text-center\">\n<h2>Tabla de compatibilidad HDD<\/h2>\n<p class=\"text-muted\">\n<p>El almacenamiento es parte fundamental de un sistema de videovigilancia por tal motivo te recomendamos revisar nuestra lista de compatibilidad antes de seleccionar un disco duro (HDD).<\/p>\n<p>https:\/\/foro.tvc.mx\/docs\/lista-compatibilidad-hdd<\/p>\n<p>&nbsp;<\/p>\n<\/div>\n<\/div>\n<hr class=\"padding-bottom-2x\" \/>\n<div class=\"row align-items-center padding-bottom-2x\">\n<div class=\"col-md-5\"><img class=\"d-block m-auto img-thumbnail\" src=\"https:\/\/tvc.mx\/media\/407999\/DVR-16-canales-Wizsense-h265%2B-Dahua-XVR1B16-1-B.png\" alt=\" \" \/><\/div>\n<div class=\"col-md-7 text-md-left text-center\">\n<h2>Principales caracter\u00edsticas<\/h2>\n<p class=\"text-muted\">\n<ul>\n<li>Compresi\u00f3n de video de doble flujo H.265 + \/ H.265<\/li>\n<li>Admite codificaci\u00f3n AI de canal completo<\/li>\n<li>Admite entradas de video HDCVI \/ AHD \/ TVI \/ CVBS \/ IP<\/li>\n<li>Entradas de c\u00e1mara IP de 18 canales como m\u00e1ximo, cada canal hasta 6MP; Ancho de banda entrante m\u00e1ximo de 64 Mbps<\/li>\n<li>Larga distancia de transmisi\u00f3n por cable coaxial<\/li>\n<li>Transmisi\u00f3n de video de hasta 8 canales (canal anal\u00f3gico) SMD Plus<\/li>\n<\/ul>\n<p>&nbsp;<\/p>\n<\/div>\n<\/div>\n<hr class=\"padding-bottom-2x\" \/>\n<div class=\"row align-items-center padding-bottom-2x\">\n<div class=\"col-md-5 order-md-2\"><img class=\"d-block m-auto img-thumbnail\" src=\"https:\/\/tvc.mx\/media\/408003\/DVR-16-canales-Wizsense-h265%2B-Dahua-XVR1B16-1-especificaciones.png\" alt=\" \" \/><\/div>\n<div class=\"col-md-7 order-md-1 text-md-left text-center\">\n<h2>Especificaciones<\/h2>\n<p class=\"text-muted\">\n<ul>\n<li>Entradas de v\u00eddeo:16\u00a0\u00a0BNC\u00a0&#8211;\u00a0AHD\u00a0\/\u00a0HD-CVI\u00a0\/\u00a0HD-TVI\u00a0\/\u00a0CVBS<\/li>\n<li>Salidas de v\u00eddeo:1\u00a0x\u00a0HDMI; 1\u00a0x\u00a0VGA<\/li>\n<li>M\u00e9todo de compresi\u00f3n de im\u00e1genes: AI Coding \/ H.265+ \/\u00a0H.265\u00a0\/ H.264+ \/\u00a0H.264<\/li>\n<li>1\u00a0x 6\u00a0TB\u00a0SATA<\/li>\n<li>Guarda fotogramas individuales o grabaciones enteras del archivo en la unidad USB<\/li>\n<li>B\u00fasqueda de grabaciones por tiempo + l\u00ednea de tiempo con el tipo de grabaci\u00f3n. Reproducci\u00f3n: hacia adelante, modo r\u00e1pido, modo lento, por pasos<\/li>\n<li>B\u00fasqueda avanzada (con la precisi\u00f3n de un segundo)<\/li>\n<li>Software del cliente y navegador IE: vista previa en vivo, reproducci\u00f3n y copia de seguridad de las grabaciones, configuraci\u00f3n parcial de los par\u00e1metros de la grabadora<\/li>\n<li>2 x\u00a0USB 2.0<\/li>\n<li>Alimentaci\u00f3n:12\u00a0V\u00a0DC\u00a0\/ 2.0\u00a0A<\/li>\n<\/ul>\n<p>&nbsp;<\/p>\n<\/div>\n<\/div>\n<hr class=\"padding-bottom-2x\" \/>\n<div class=\"row align-items-center padding-bottom-2x\">\n<div class=\"col-md-5\"><img class=\"d-block m-auto img-thumbnail\" src=\"https:\/\/tvc.mx\/media\/408007\/Dahua.png\" alt=\" \" \/><\/div>\n<div class=\"col-md-7 text-md-left text-center\">\n<h2>Incluye<\/h2>\n<p class=\"text-muted\">\n<ul>\n<li>Fuente 12v \/ 2A<\/li>\n<li>Tornillos para montaje de HDD<\/li>\n<li>Mouse<\/li>\n<li>Cable SATA<\/li>\n<\/ul>\n<\/div>\n<\/div>\n","protected":false},"excerpt":{"rendered":"<h1 id=\"title\" class=\"mb-3\">DAHUA XVR1B16-I &#8211; DVR de 16 Canales 1080p Lite\/ WizSense\/ Cooper-I\/ H.265+\/ 16 Canales+2IP o Hasta 18 Ch IP\/ 8 Canales SMD Plus\/ Busqueda Inteligente (Humanos y Vehiculos)\/ Codificaci\u00f3n Inteligente\/ 1 Puerto Sata de hasta 6TB\/ Smart Audio\/<\/h1>\n","protected":false},"featured_media":328,"template":"","meta":[],"product_cat":[16],"product_tag":[],"_links":{"self":[{"href":"https:\/\/www.equipoelectronicogdl.com\/productos\/wp-json\/wp\/v2\/product\/329"}],"collection":[{"href":"https:\/\/www.equipoelectronicogdl.com\/productos\/wp-json\/wp\/v2\/product"}],"about":[{"href":"https:\/\/www.equipoelectronicogdl.com\/productos\/wp-json\/wp\/v2\/types\/product"}],"wp:featuredmedia":[{"embeddable":true,"href":"https:\/\/www.equipoelectronicogdl.com\/productos\/wp-json\/wp\/v2\/media\/328"}],"wp:attachment":[{"href":"https:\/\/www.equipoelectronicogdl.com\/productos\/wp-json\/wp\/v2\/media?parent=329"}],"wp:term":[{"taxonomy":"product_cat","embeddable":true,"href":"https:\/\/www.equipoelectronicogdl.com\/productos\/wp-json\/wp\/v2\/product_cat?post=329"},{"taxonomy":"product_tag","embeddable":true,"href":"https:\/\/www.equipoelectronicogdl.com\/productos\/wp-json\/wp\/v2\/product_tag?post=329"}],"curies":[{"name":"wp","href":"https:\/\/api.w.org\/{rel}","templated":true}]}}