{"id":327,"date":"2022-05-30T17:39:26","date_gmt":"2022-05-30T17:39:26","guid":{"rendered":"https:\/\/www.equipoelectronicogdl.com\/productos\/?post_type=product&#038;p=327"},"modified":"2022-05-30T17:39:30","modified_gmt":"2022-05-30T17:39:30","slug":"dahua-dhi-xvr5108hs-4kl","status":"publish","type":"product","link":"https:\/\/www.equipoelectronicogdl.com\/productos\/producto\/dahua-dhi-xvr5108hs-4kl\/","title":{"rendered":"DAHUA DHI-XVR5108HS-4KL"},"content":{"rendered":"<div id=\"product-details-container\" class=\"container-fluid mb-1\">\n<div class=\"tab-content\">\n<div id=\"overviews\" class=\"tab-pane fade show active\" role=\"tabpanel\">\n<div class=\"container-fluid padding-bottom-2x mb-2\">\n<div class=\"row aling-items-center padding-bottom-2x\">\n<div class=\"col-lg-12\">\n<h5 class=\"card-title text-center\">Informaci\u00f3n General<\/h5>\n<p>El grabador\u00a0<strong>XVR5108HS-4KL<\/strong>\u00a0es un DVR Penta-h\u00edbrido de la Serie Lite, dise\u00f1ado para trabajar con las tecnolog\u00edas existentes en el mercado, acepta c\u00e1maras HDCVI \/AHD\/TVI\/CVBS\/IP, ofreciendo una excelente soluci\u00f3n para los usuarios que requieren calidad y gran rendimiento. Este DVR soporta resoluciones 4MP y 4K con soporte de la tecnolog\u00eda de compresi\u00f3n H.264+.<\/p>\n<p><img class=\"overview-center-img-web\" src=\"https:\/\/tvc.mx\/media\/351939\/Dahua---XVR5108HS-4KL-X-Grabador-8-canales-4k-Entrada-salida-audio.png\" alt=\"\" \/><\/div>\n<\/div>\n<div class=\"row aling-items-center padding-bottom-2x\">\n<div class=\"col-lg-12\">\n<h5 class=\"card-title text-center\">Detecci\u00f3n Autom\u00e1tica de Tecnolog\u00edas<\/h5>\n<p>El\u00a0grabador\u00a0<strong>XVR5108HS-4KL<\/strong>\u00a0puede reconocer autom\u00e1ticamente la se\u00f1al de v\u00eddeo dependiendo de la tecnolog\u00eda que tenga de manera autom\u00e1tica ya que el dvr cuenta con esa funci\u00f3n, adem\u00e1s de poder dejar el tipo de tecnolog\u00eda fija como es CVI, TVI, AHD, CVBS, IP.<\/p>\n<p><img class=\"overview-center-img-web\" src=\"https:\/\/tvc.mx\/media\/275935\/Dahua---XVR5108HS-4KL-X-Grabador-8-canales-4k-Entrada-salida-audio-Se%C3%B1al4en1.png\" alt=\"\" \/><\/div>\n<\/div>\n<div class=\"row aling-items-center padding-bottom-2x\">\n<div class=\"col-lg-12\">\n<h5 class=\"card-title text-center\">Codificaci\u00f3n Inteligente<\/h5>\n<p>Smart Codec, H.264+ puede reducir hasta un 70 % la tasa de bits y los requisitos de almacenamiento sin tener que invertir en nuevas c\u00e1maras.<\/p>\n<p><img class=\"overview-center-img-web\" src=\"https:\/\/tvc.mx\/media\/351951\/Dahua-compresionH.264plus.png\" alt=\"\" \/><\/div>\n<\/div>\n<div class=\"row aling-items-center padding-bottom-2x\">\n<div class=\"col-lg-12\">\n<h5 class=\"card-title text-center\">B\u00fasqueda Inteligente<\/h5>\n<p>Otra funci\u00f3n importante con la que cuenta nuestro grabador, es el Smart Search o b\u00fasqueda inteligente, esta funci\u00f3n ayudar\u00e1 a obtener v\u00eddeo a trav\u00e9s de la detecci\u00f3n de movimiento durante un corto\u00a0tiempo al dibujar una regi\u00f3n cuando se reproduce. Es muy \u00fatil cuando ocurre una\u00a0emergencia y necesitamos encontrar la evidencia r\u00e1pidamente.<\/p>\n<p><img class=\"overview-center-img-web\" src=\"https:\/\/tvc.mx\/media\/275947\/Dahua---XVR5108HS-4KL-X-Grabador-8-canales-4k-Entrada-salida-audio-codec-smartsearch.png\" alt=\"\" \/><\/div>\n<\/div>\n<div class=\"row aling-items-center padding-bottom-2x\">\n<div class=\"col-lg-12\">\n<h5 class=\"card-title text-center\">Principales Caracter\u00edsticas<\/h5>\n<ul>\n<li class=\"ql-align-justify\">Soporta\u00a0HDCVI\/ AHD\/ TVI\/ CVBS\/ IP.<\/li>\n<li class=\"ql-align-justify\">Compresi\u00f3n de v\u00eddeo\u00a0H.264+ \/ H.264.<\/li>\n<li class=\"ql-align-justify\">8Canales BNC.<\/li>\n<li class=\"ql-align-justify\">Soporta resoluci\u00f3n 4K.<\/li>\n<li class=\"ql-align-justify\">4 Canales IP hasta 8MP.<\/li>\n<li class=\"ql-align-justify\">1 entradas de\u00a0audio \/ 1 salida de\u00a0audio RCA.<\/li>\n<li class=\"ql-align-justify\">Ventilador Inteligente.<\/li>\n<li class=\"ql-align-justify\">1\u00a0puerto SATA (hasta 10TB ).<\/li>\n<li class=\"ql-align-justify\">1\u00a0Puerto USB\u00a02.0 y 1 puerto USB 3.0.<\/li>\n<li class=\"ql-align-justify\">1 Puerto RS485 para el control PTZ.<\/li>\n<li class=\"ql-align-justify\">1 Puerto RJ-45 (1000M).<\/li>\n<li class=\"ql-align-justify\">1 salida HDMI, 1 VGA.<\/li>\n<li class=\"ql-align-justify\">Fuente de Alimentaci\u00f3n 12V CD \/ 2A..<\/li>\n<li class=\"ql-align-justify\">Consumo de Energ\u00eda &lt;10W.<\/li>\n<li class=\"ql-align-justify\">Condiciones de Operaci\u00f3n -10\u00baC a 55\u00baC.<\/li>\n<li class=\"ql-align-justify\">Peso\u00a00.9kg. (sin Disco Duro)<\/li>\n<li class=\"ql-align-justify\">Soporta an\u00e1lisis de video IVS 1Ch<\/li>\n<li class=\"ql-align-justify\">Soporta detecci\u00f3n de rostros 1Ch<\/li>\n<\/ul>\n<p>INCLUYE:<\/p>\n<ul>\n<li>Fuente 12 V cc \/ 2 A<\/li>\n<li>Tornillos para montaje de HDD<\/li>\n<li>Cable SATA<\/li>\n<li class=\"ql-align-justify\">Mouse<\/li>\n<\/ul>\n<p><img class=\"overview-center-img-web\" src=\"https:\/\/tvc.mx\/media\/275951\/principalcaracimg-pal.png\" alt=\"\" \/><\/div>\n<\/div>\n<\/div>\n<\/div>\n<\/div>\n<\/div>\n<div class=\"container padding-bottom-3x mb-1\"><\/div>\n","protected":false},"excerpt":{"rendered":"<h1 id=\"title\" class=\"mb-3\">DAHUA DHI-XVR5108HS-4KL &#8211; DVR de 8 Canales 4k\/ H.264\/ 4 Canales IP Adicionales\/ Maximo 12 Canales\/ 1&amp;1 E&amp;S de Audio\/ 1 Puerto Sata de 8 TB\/ 1 HDMI&amp;VGA\/<\/h1>\n","protected":false},"featured_media":325,"template":"","meta":[],"product_cat":[16],"product_tag":[],"_links":{"self":[{"href":"https:\/\/www.equipoelectronicogdl.com\/productos\/wp-json\/wp\/v2\/product\/327"}],"collection":[{"href":"https:\/\/www.equipoelectronicogdl.com\/productos\/wp-json\/wp\/v2\/product"}],"about":[{"href":"https:\/\/www.equipoelectronicogdl.com\/productos\/wp-json\/wp\/v2\/types\/product"}],"wp:featuredmedia":[{"embeddable":true,"href":"https:\/\/www.equipoelectronicogdl.com\/productos\/wp-json\/wp\/v2\/media\/325"}],"wp:attachment":[{"href":"https:\/\/www.equipoelectronicogdl.com\/productos\/wp-json\/wp\/v2\/media?parent=327"}],"wp:term":[{"taxonomy":"product_cat","embeddable":true,"href":"https:\/\/www.equipoelectronicogdl.com\/productos\/wp-json\/wp\/v2\/product_cat?post=327"},{"taxonomy":"product_tag","embeddable":true,"href":"https:\/\/www.equipoelectronicogdl.com\/productos\/wp-json\/wp\/v2\/product_tag?post=327"}],"curies":[{"name":"wp","href":"https:\/\/api.w.org\/{rel}","templated":true}]}}