{"id":317,"date":"2022-05-30T17:06:48","date_gmt":"2022-05-30T17:06:48","guid":{"rendered":"https:\/\/www.equipoelectronicogdl.com\/productos\/?post_type=product&#038;p=317"},"modified":"2022-05-30T17:06:48","modified_gmt":"2022-05-30T17:06:48","slug":"dahua-xvr1b08-i","status":"publish","type":"product","link":"https:\/\/www.equipoelectronicogdl.com\/productos\/producto\/dahua-xvr1b08-i\/","title":{"rendered":"DAHUA XVR1B08-I"},"content":{"rendered":"<div class=\"row aling-items-center padding-bottom-2x\">\n<div class=\"col-lg-12\">\n<h5 class=\"card-title text-center\">Informaci\u00f3n General<\/h5>\n<p>El\u00a0<strong>XVR1B08-I\u00a0<\/strong>es un DVR\u00a0<strong>Cooper<\/strong>\u00a0con\u00a0<strong>SMD Plus<\/strong>\u00a0que pertenece a la serie\u00a0<strong>WizSense<\/strong>\u00a0con\u00a0<strong>Inteligencia Artificial<\/strong>, est\u00e1 dise\u00f1ado para reducir las tasas de falsas alarmas y los costos de vigilancia humana, lo que brinda un gran valor a los clientes en busca de productos con alarma precisa para personas \/ veh\u00edculos para elevar el nivel de seguridad de varias instalaciones interiores y exteriores.\u00a0Este grabador soporta\u00a0<strong>8\u00a0canales HDCVI 1080MP Lite<\/strong>\u00a0m\u00e1s<strong>\u00a02 canales Ip\u00a0<\/strong>( 6Mp m\u00e1ximo ) y una\u00a0<strong>codificaci\u00f3n inteligente<\/strong>\u00a0en sus 8 canales.<\/p>\n<p><img class=\"overview-center-img-web\" src=\"https:\/\/tvc.mx\/media\/406747\/Dahua-DH-XVR1B08-I-Grabador-8-Canales-Inteligencia-imagen-principal.png\" alt=\"\" \/><\/div>\n<\/div>\n<div class=\"row align-items-center padding-bottom-2x\">\n<div class=\"col-md-5 order-md-2\"><img class=\"d-block m-auto img-thumbnail\" src=\"https:\/\/tvc.mx\/media\/406715\/codificacion-h.265-dahua.png\" alt=\" \" \/><\/div>\n<div class=\"col-md-7 order-md-1 text-md-left text-center\">\n<h2>Compresi\u00f3n H.265+<\/h2>\n<p class=\"text-muted\">\n<p>Smart H.265 +\u00a0es la implementaci\u00f3n optimizada del c\u00f3dec H.265 que utiliza una estrategia de codificaci\u00f3n adaptada a la escena, GOP din\u00e1mico, ROI din\u00e1mico,Flexible estructura de referencia multi-trama y reducci\u00f3n inteligente de ruido para ofrecer video de alta calidad sin forzar la red. La tecnolog\u00eda Smart H.265 + reduce la velocidad de bits y los requisitos de almacenamiento hasta en un 70% en comparaci\u00f3n con la compresi\u00f3n est\u00e1ndar de video H.265.<\/p>\n<p>&nbsp;<\/p>\n<\/div>\n<\/div>\n<hr class=\"padding-bottom-2x\" \/>\n<div class=\"row align-items-center padding-bottom-2x\">\n<div class=\"col-md-5\"><img class=\"d-block m-auto img-thumbnail\" src=\"https:\/\/tvc.mx\/media\/406719\/codificacion-de-video-inteligente-dahua.png\" alt=\" \" \/><\/div>\n<div class=\"col-md-7 text-md-left text-center\">\n<h2>Codificaci\u00f3n de Video Inteligente<\/h2>\n<p class=\"text-muted\">\n<p>El grabador\u00a0<strong>XVR1B08-I<\/strong>\u00a0con su chip de inteligencia artificial permite tener una codificaci\u00f3n de video inteligente, realizando el reconocimiento de las personas y veh\u00edculos en movimiento, si no hay personas o veh\u00edculos en la imagen reduce el ancho de banda de inmediato.<\/p>\n<p>&nbsp;<\/p>\n<\/div>\n<\/div>\n<hr class=\"padding-bottom-2x\" \/>\n<div class=\"row align-items-center padding-bottom-2x\">\n<div class=\"col-md-5 order-md-2\"><img class=\"d-block m-auto img-thumbnail\" src=\"https:\/\/tvc.mx\/media\/406723\/SMD-plus-Dahua.png\" alt=\" \" \/><\/div>\n<div class=\"col-md-7 order-md-1 text-md-left text-center\">\n<h2>SMD Plus<\/h2>\n<p class=\"text-muted\">\n<p>El grabador\u00a0<strong>XVR1B08-I<\/strong>\u00a0incorpora la funci\u00f3n denominada\u00a0<strong>Smart Motion Detection Plus<\/strong>, que es una actualizaci\u00f3n de la versi\u00f3n de SMD que mejora en gran medida la precisi\u00f3n de la alarma al cargar algoritmos de aprendizaje profundo. Analiza formas de personas y veh\u00edculos basado en la detecci\u00f3n de movimiento y env\u00edos de alarmas solo cuando la persona y el veh\u00edculo se detecten.<\/p>\n<p>&nbsp;<\/p>\n<\/div>\n<\/div>\n<hr class=\"padding-bottom-2x\" \/>\n<div class=\"row align-items-center padding-bottom-2x\">\n<div class=\"col-md-5\"><img class=\"d-block m-auto img-thumbnail\" src=\"https:\/\/tvc.mx\/media\/406727\/larga-distancia-de-transmision-dahua.png\" alt=\" \" \/><\/div>\n<div class=\"col-md-7 text-md-left text-center\">\n<h2>Larga Distancia de Transmisi\u00f3n<\/h2>\n<p class=\"text-muted\">\n<p>El sistema HDCVI admite transmisi\u00f3n de larga distancia a trav\u00e9s de cable coaxial y UTP, m\u00e1x. 700 m para 4K \/ 4MP, 800 m para 1080p y 1200 m para 720p.<\/p>\n<p>&nbsp;<\/p>\n<\/div>\n<\/div>\n<hr class=\"padding-bottom-2x\" \/>\n<div class=\"row align-items-center padding-bottom-2x\">\n<div class=\"col-md-5 order-md-2\"><img class=\"d-block m-auto img-thumbnail\" src=\"https:\/\/tvc.mx\/media\/406731\/tabla-de-compayibilidad-de-HDD-para-equipo-dahua.png\" alt=\" \" \/><\/div>\n<div class=\"col-md-7 order-md-1 text-md-left text-center\">\n<h2>Tabla de compatibilidad HDD<\/h2>\n<p class=\"text-muted\">\n<p>El almacenamiento es parte fundamental de un sistema de videovigilancia por tal motivo te recomendamos revisar nuestra lista de compatibilidad antes de seleccionar un disco duro (HDD).<\/p>\n<p>https:\/\/foro.tvc.mx\/docs\/lista-compatibilidad-hdd<\/p>\n<p>&nbsp;<\/p>\n<\/div>\n<\/div>\n<hr class=\"padding-bottom-2x\" \/>\n<div class=\"row align-items-center padding-bottom-2x\">\n<div class=\"col-md-5\"><img class=\"d-block m-auto img-thumbnail\" src=\"https:\/\/tvc.mx\/media\/406735\/Dahua-XVR1B08H-I-Grabador-8-Canales-Inteligencia-imagen-principal-caracteristicas.png\" alt=\" \" \/><\/div>\n<div class=\"col-md-7 text-md-left text-center\">\n<h2>Principales Caracter\u00edsticas<\/h2>\n<p class=\"text-muted\">\n<ul>\n<li>\u00a0Compresi\u00f3n de video de doble flujo H.265 + \/ H.265<\/li>\n<li>Admite codificaci\u00f3n AI de canal completo \u00b7 Admite entradas de video HDCVI \/ AHD \/ TVI \/ CVBS \/ IP<\/li>\n<li>Entradas de c\u00e1mara IP de 10 canales como m\u00e1ximo, cada canal hasta 6MP; Ancho de banda entrante m\u00e1ximo de 40 Mbps<\/li>\n<li>Transmisi\u00f3n de video de hasta 4 canales (canal anal\u00f3gico) SMD Plus<\/li>\n<\/ul>\n<p>&nbsp;<\/p>\n<\/div>\n<\/div>\n<hr class=\"padding-bottom-2x\" \/>\n<div class=\"row align-items-center padding-bottom-2x\">\n<div class=\"col-md-5 order-md-2\"><img class=\"d-block m-auto img-thumbnail\" src=\"https:\/\/tvc.mx\/media\/406739\/Dahua-XVR1B08H-I-Grabador-8-Canales-Inteligencia-imagen-principal-especificaciones.png\" alt=\" \" \/><\/div>\n<div class=\"col-md-7 order-md-1 text-md-left text-center\">\n<h2>Especificaciones<\/h2>\n<p class=\"text-muted\">\n<ul>\n<li>Compresi\u00f3n de video de doble flujo H.265 + \/ H.265.<\/li>\n<li>Admite codificaci\u00f3n AI de canal completo.<\/li>\n<li>Admite entradas de video HDCVI \/ AHD \/ TVI \/ CVBS \/ IP.<\/li>\n<li>Soporta hasta 1080P Lite en c\u00e1maras HDCVI.<\/li>\n<li>Se pueden agregar hasta 2 c\u00e1maras IP ( 6Mp m\u00e1ximo ).<\/li>\n<li>Larga distancia de transmisi\u00f3n por cable coaxial.<\/li>\n<li>Soporta hasta 4 canales SMD Plus.<\/li>\n<li>Codificaci\u00f3n Inteligente.<\/li>\n<li>Interfaz monitor 1 HDMI, 1 VGA.<\/li>\n<li>Interfaz red 1 puerto RJ-45 (100 MB).<\/li>\n<li>Max. Acceso de usuario 128.<\/li>\n<li>1 puerto SATA, hasta 6 TB de capacidad.<\/li>\n<li>Peso Neto sin Disco Duro\u00a00.57 kg.<\/li>\n<li>Dimensiones 198 mm \u00d7 202.9 mm \u00d7 41.5 mm<\/li>\n<\/ul>\n<p>&nbsp;<\/p>\n<\/div>\n<\/div>\n<hr class=\"padding-bottom-2x\" \/>\n<div class=\"row align-items-center padding-bottom-2x\">\n<div class=\"col-md-5\"><img class=\"d-block m-auto img-thumbnail\" src=\"https:\/\/tvc.mx\/media\/406743\/Dahua.png\" alt=\" \" \/><\/div>\n<div class=\"col-md-7 text-md-left text-center\">\n<h2>Incluye<\/h2>\n<p class=\"text-muted\">\n<ul>\n<li>Fuente 12v \/ 2A<\/li>\n<li>Tornillos para montaje de HDD<\/li>\n<li>Mouse<\/li>\n<li>Cable SATA<\/li>\n<\/ul>\n<\/div>\n<\/div>\n","protected":false},"excerpt":{"rendered":"<h1 id=\"title\" class=\"mb-3\">DAHUA XVR1B08-I &#8211; DVR de 8 Canales 1080p Lite\/ WizSense\/ Cooper-I\/ H.265+\/ 8 Canales+2 IP o Hasta 10 Ch IP\/ 4 Canales con SMD Plus\/ Busqueda Inteligente (Humanos y Vehiculos)\/ Codificaci\u00f3n Inteligente\/ 1 Puerto Sata de hasta 6TB\/<\/h1>\n","protected":false},"featured_media":320,"template":"","meta":[],"product_cat":[16],"product_tag":[],"_links":{"self":[{"href":"https:\/\/www.equipoelectronicogdl.com\/productos\/wp-json\/wp\/v2\/product\/317"}],"collection":[{"href":"https:\/\/www.equipoelectronicogdl.com\/productos\/wp-json\/wp\/v2\/product"}],"about":[{"href":"https:\/\/www.equipoelectronicogdl.com\/productos\/wp-json\/wp\/v2\/types\/product"}],"wp:featuredmedia":[{"embeddable":true,"href":"https:\/\/www.equipoelectronicogdl.com\/productos\/wp-json\/wp\/v2\/media\/320"}],"wp:attachment":[{"href":"https:\/\/www.equipoelectronicogdl.com\/productos\/wp-json\/wp\/v2\/media?parent=317"}],"wp:term":[{"taxonomy":"product_cat","embeddable":true,"href":"https:\/\/www.equipoelectronicogdl.com\/productos\/wp-json\/wp\/v2\/product_cat?post=317"},{"taxonomy":"product_tag","embeddable":true,"href":"https:\/\/www.equipoelectronicogdl.com\/productos\/wp-json\/wp\/v2\/product_tag?post=317"}],"curies":[{"name":"wp","href":"https:\/\/api.w.org\/{rel}","templated":true}]}}