{"id":316,"date":"2022-05-30T17:02:48","date_gmt":"2022-05-30T17:02:48","guid":{"rendered":"https:\/\/www.equipoelectronicogdl.com\/productos\/?post_type=product&#038;p=316"},"modified":"2022-05-30T17:02:50","modified_gmt":"2022-05-30T17:02:50","slug":"dahua-xvr5104hs-4kl-i2-i3","status":"publish","type":"product","link":"https:\/\/www.equipoelectronicogdl.com\/productos\/producto\/dahua-xvr5104hs-4kl-i2-i3\/","title":{"rendered":"DAHUA XVR5104HS-4KL-I2 (I3)"},"content":{"rendered":"<div class=\"row aling-items-center padding-bottom-2x\">\n<div class=\"col-lg-12\">\n<h5 class=\"card-title text-center\">Informaci\u00f3n general.<\/h5>\n<p><strong>WizSense<\/strong>\u00a0es una serie de productos y soluciones con\u00a0<strong>IA<\/strong>\u00a0que adoptan un chip de\u00a0<strong>inteligencia artificial<\/strong>\u00a0independiente que trabaja junto a un\u00a0<strong>algoritmo de aprendizaje profundo<\/strong>. Se centra en personas y veh\u00edculos logrando una\u00a0<strong>alta precisi\u00f3n<\/strong>\u00a0que permite a los usuarios actuar r\u00e1pidamente sobre objetivos definidos.<\/p>\n<p><img class=\"overview-center-img-web\" src=\"https:\/\/tvc.mx\/media\/345287\/Dahua-XVR5104HS-4KL-I2-O1.png\" alt=\"\" \/><\/div>\n<\/div>\n<div class=\"row aling-items-center padding-bottom-2x\">\n<div class=\"col-lg-12\">\n<h5 class=\"card-title text-center\">Reconocimiento Facial.<\/h5>\n<p>La tecnolog\u00eda que anteriormente era exclusiva de las soluciones IP llega a los equipos anal\u00f3gicos de alta definici\u00f3n. El\u00a0<strong>reconocimiento facial sobre el streaming de vid<\/strong>eo nos permite obtener\u00a0<strong>metadatos del rostro<\/strong>\u00a0como lo son el g\u00e9nero, edad aproximada, expresi\u00f3n, gafas, barba, cubrebocas.<\/p>\n<p>\u00b7\u00a0\u00a0\u00a0\u00a0\u00a0\u00a0\u00a0\u00a0En este equipo al seleccionar la funci\u00f3n de Reconocimiento Facial no se pueden usar otros anal\u00edticos inteligentes.<\/p>\n<p><img class=\"overview-center-img-web\" src=\"https:\/\/tvc.mx\/media\/119106\/Face-Recognition.jpg\" alt=\"\" \/><\/div>\n<\/div>\n<div class=\"row aling-items-center padding-bottom-2x\">\n<div class=\"col-lg-12\">\n<h5 class=\"card-title text-center\">Protecci\u00f3n perimetral.<\/h5>\n<p>El\u00a0<strong>XVR5104HS-4KL-I2<\/strong>\u00a0cuenta con\u00a0<strong>anal\u00edticos inteligentes<\/strong>\u00a0como el\u00a0<strong>tripwire e intrusi\u00f3n<\/strong>\u00a0que permiten mantener \u00e1reas resguardadas; potenciados con su chip y algoritmo de aprendizaje profundo generan un alto grado de precisi\u00f3n.<\/p>\n<p><img class=\"overview-center-img-web\" src=\"https:\/\/tvc.mx\/media\/345291\/PROTECCION-PERIMETRAL-B.png\" alt=\"\" \/><\/div>\n<\/div>\n<div class=\"row aling-items-center padding-bottom-2x\">\n<div class=\"col-lg-12\">\n<h5 class=\"card-title text-center\">H.265+<\/h5>\n<p class=\"ql-align-justify\">Dahua ha optimizado H.265 con su c\u00f3dec Smart H.265 +, proporcionando hasta\u00a0<strong>80% de ahorro de ancho de banda y almacenamiento<\/strong>\u00a0sobre el est\u00e1ndar H.264. Cuatro tecnolog\u00edas innovadoras trabajan en conjunto para hacer que Smart H.265 + sea tan potente<\/p>\n<p class=\"ql-align-justify\"><strong>\u00bfC\u00f3mo?<\/strong><\/p>\n<p class=\"ql-align-justify\">H.265 + toma una imagen de un entorno estable, lo utiliza como marco de fondo y se centra s\u00f3lo en los objetos en movimiento. Cuando hay una interrupci\u00f3n en el \u00e1rea de vigilancia, H265 + toma la imagen del objeto en movimiento y lo utiliza como marco de referencia. Si el objeto sigue movi\u00e9ndose, el sistema s\u00f3lo agrega datos de objetos en movimiento.<\/p>\n<p><img class=\"overview-center-img-web\" src=\"https:\/\/tvc.mx\/media\/345295\/DAHUA-CAMARA-VIDEO-VIGILANCIA-IP-4MP-INTELIGENCIA-ARTIFICIAL-ANTI-VANDALICA-COMPRESION-%281%29.png\" alt=\"\" \/><\/div>\n<\/div>\n<div class=\"row aling-items-center padding-bottom-2x\">\n<div class=\"col-lg-12\">\n<h5 class=\"card-title text-center\">Tabla de compatibilidad HDD<\/h5>\n<p>El almacenamiento es parte fundamental de un sistema de videovigilancia por tal motivo te recomendamos revisar nuestra lista de compatibilidad antes de seleccionar un disco duro (HDD).<\/p>\n<p>https:\/\/foro.tvc.mx\/docs\/lista-compatibilidad-hdd<\/p>\n<p><img class=\"overview-center-img-web\" src=\"https:\/\/tvc.mx\/media\/292483\/DAHUA-tabla-de-compatibilidad-hdd-overview-grabadores-min-%281%29.png\" alt=\"\" \/><\/div>\n<\/div>\n<div class=\"row aling-items-center padding-bottom-2x\">\n<div class=\"col-lg-12\">\n<h5 class=\"card-title text-center\">Principales caracter\u00edsticas.<\/h5>\n<p>\u00b7\u00a0\u00a0\u00a0\u00a0\u00a0\u00a0\u00a0\u00a01 Canal de protecci\u00f3n perimetral<\/p>\n<p>\u00b7\u00a0\u00a0\u00a0\u00a0\u00a0\u00a0\u00a0\u00a01 Canal de reconocimiento facial\u00a0(\u00fanicamente canales HDCVI).<\/p>\n<p>\u00b7\u00a0\u00a0\u00a0\u00a0\u00a0\u00a0\u00a0\u00a0M\u00e1ximo 8 capturas de rostro por segundo.<\/p>\n<p>\u00b7\u00a0\u00a0\u00a0\u00a0\u00a0\u00a0\u00a0\u00a0M\u00e1ximo 10 bases de datos. 20,000 rostros en total.<\/p>\n<p>\u00b7\u00a0\u00a0\u00a0\u00a0\u00a0\u00a0\u00a0\u00a0SMD 4 canales.<\/p>\n<p>\u00b7\u00a0\u00a0\u00a0\u00a0\u00a0\u00a0\u00a0\u00a0HDCVI 4K, 6MP, 5MP, 4MP, 1080P@25\/30fps, 720P@50\/60fps,<\/p>\n<p>\u00b7\u00a0\u00a0\u00a0\u00a0\u00a0\u00a0\u00a0\u00a0720P@25\/30fps.<\/p>\n<p>\u00b7\u00a0\u00a0\u00a0\u00a0\u00a0\u00a0\u00a0\u00a0AHD 4K, 5MP, 4MP, 3MP, 1080P@25\/30, 720P@25\/30fps.<\/p>\n<p>\u00b7\u00a0\u00a0\u00a0\u00a0\u00a0\u00a0\u00a0\u00a0TVI 4K, 5MP, 4MP, 3MP, 1080P@25\/30, 720P@25\/30fps.<\/p>\n<p>\u00b7\u00a0\u00a0\u00a0\u00a0\u00a0\u00a0\u00a0\u00a0CVBS PAL\/NTSC.<\/p>\n<p>\u00b7\u00a0\u00a0\u00a0\u00a0\u00a0\u00a0\u00a0\u00a0Canales IP 4+4 hasta 8MP.<\/p>\n<p>\u00b7\u00a0\u00a0\u00a0\u00a0\u00a0\u00a0\u00a0\u00a0Audio dos v\u00edas (in\/out RCA).<\/p>\n<p>\u00b7\u00a0\u00a0\u00a0\u00a0\u00a0\u00a0\u00a0\u00a0Puerto RJ45 (100MB).<\/p>\n<p>\u00b7\u00a0\u00a0\u00a0\u00a0\u00a0\u00a0\u00a0\u00a0M\u00e1ximo 128 usuarios.<\/p>\n<p>\u00b7\u00a0\u00a0\u00a0\u00a0\u00a0\u00a0\u00a0\u00a0ONVIF 16.12, CGI Conformant.<\/p>\n<p>\u00b7\u00a0\u00a0\u00a0\u00a0\u00a0\u00a0\u00a0\u00a01 SATA hasta 10TB.<\/p>\n<p>\u00b7\u00a0\u00a0\u00a0\u00a0\u00a0\u00a0\u00a0\u00a0DC 12V\/2A.<\/p>\n<p>\u00b7\u00a0\u00a0\u00a0\u00a0\u00a0\u00a0\u00a0\u00a0Consumo &lt;7w.\u00a0Sin HDD.<\/p>\n<p><strong>INCLUYE:<\/strong><\/p>\n<p>-Fuente 12v \/ 2A<\/p>\n<p>-Mouse<\/p>\n<p>-Cable SATA<\/p>\n<p><img class=\"overview-center-img-web\" src=\"https:\/\/tvc.mx\/media\/119118\/DAHUA-LOGO-ESCALADO.jpg\" alt=\"\" \/><\/div>\n<\/div>\n","protected":false},"excerpt":{"rendered":"<h1 id=\"title\" class=\"mb-3\">DAHUA XVR5104HS-4KL-I2 (I3) &#8211; DVR de 4 Canales 4k\/ WizSense\/ H.265+\/ 4 Canales HDCVI+4 IP\/ Hasta 8 Ch IP\/ 1 Ch de Reconocimiento Facial\/ SDM Plus\/ 1 Ch Proteccion Perimetral\/ 1 SATA de hasta 10TB\/ Soporta HDCVI\/AHD\/TVI\/CVBS<\/h1>\n","protected":false},"featured_media":314,"template":"","meta":[],"product_cat":[16],"product_tag":[],"_links":{"self":[{"href":"https:\/\/www.equipoelectronicogdl.com\/productos\/wp-json\/wp\/v2\/product\/316"}],"collection":[{"href":"https:\/\/www.equipoelectronicogdl.com\/productos\/wp-json\/wp\/v2\/product"}],"about":[{"href":"https:\/\/www.equipoelectronicogdl.com\/productos\/wp-json\/wp\/v2\/types\/product"}],"wp:featuredmedia":[{"embeddable":true,"href":"https:\/\/www.equipoelectronicogdl.com\/productos\/wp-json\/wp\/v2\/media\/314"}],"wp:attachment":[{"href":"https:\/\/www.equipoelectronicogdl.com\/productos\/wp-json\/wp\/v2\/media?parent=316"}],"wp:term":[{"taxonomy":"product_cat","embeddable":true,"href":"https:\/\/www.equipoelectronicogdl.com\/productos\/wp-json\/wp\/v2\/product_cat?post=316"},{"taxonomy":"product_tag","embeddable":true,"href":"https:\/\/www.equipoelectronicogdl.com\/productos\/wp-json\/wp\/v2\/product_tag?post=316"}],"curies":[{"name":"wp","href":"https:\/\/api.w.org\/{rel}","templated":true}]}}