{"id":308,"date":"2022-05-30T16:34:29","date_gmt":"2022-05-30T16:34:29","guid":{"rendered":"https:\/\/www.equipoelectronicogdl.com\/productos\/?post_type=product&#038;p=308"},"modified":"2022-05-30T16:35:35","modified_gmt":"2022-05-30T16:35:35","slug":"zkteco-biotimeproadduser","status":"publish","type":"product","link":"https:\/\/www.equipoelectronicogdl.com\/productos\/producto\/zkteco-biotimeproadduser\/","title":{"rendered":"ZKTECO BIOTIMEPROADDUSER"},"content":{"rendered":"<div id=\"product-details-container\" class=\"container-fluid mb-1\">\n<div class=\"tab-content\">\n<div id=\"overviews\" class=\"tab-pane fade show active\" role=\"tabpanel\">\n<div class=\"container-fluid padding-bottom-2x mb-2\">\n<div class=\"row aling-items-center padding-bottom-2x\">\n<div class=\"col-lg-12\">\n<h5 class=\"card-title text-center\">Informaci\u00f3n General<\/h5>\n<p class=\"ql-align-justify\">BioTime Pro es una poderosa plataforma de gesti\u00f3n de asistencia basada en web que permite centralizar los datos de todo su personal de m\u00faltiples sucursales en un solo lugar.<\/p>\n<p class=\"ql-align-justify\">Sincronice autom\u00e1ticamente sus relojes checadores ZKTeco en un ambiente de nube privada, actualizando los datos en tiempo real. Permita a sus empleados m\u00f3viles registrar su asistencia con ubicaci\u00f3n GPS mediante la App ZKBioTime.<\/p>\n<p class=\"ql-align-justify\">M\u00faltiples administradores podr\u00e1n acceder al software a desde cualquier navegador web, permitiendo gestionar hasta cientos de dispositivos y miles de usuarios de forma remota y eficiente.<\/p>\n<p class=\"ql-align-justify\">BioTime Pro presenta una interfaz amigable con avanzadas funciones de gesti\u00f3n de horarios, turnos, permisos, vacaciones, incidencias y generaci\u00f3n de una amplia variedad de reportes de asistencia, brindando una soluci\u00f3n profesional a empresas de todos los sectores.<\/p>\n<p><img class=\"overview-center-img-web\" src=\"https:\/\/tvc.mx\/media\/226811\/Licencia-Vitalicia-1-Usuario-Adicional-BIOTIMEPROADDUSER-ZK-TVC-Banner.png\" alt=\"\" \/><\/p>\n<\/div>\n<\/div>\n<div class=\"row align-items-center padding-bottom-2x\">\n<div class=\"col-md-5 order-md-2\"><img class=\"d-block m-auto img-thumbnail\" src=\"https:\/\/tvc.mx\/media\/226815\/Licencia-Vitalicia-1-Usuario-Adicional-BIOTIMEPROADDUSER-ZK-TVC-Complemento.png\" alt=\" \" \/><\/div>\n<div class=\"col-md-7 order-md-1 text-md-left text-center\">\n<h2>Principales Caracter\u00edsticas<\/h2>\n<ul>\n<li class=\"ql-align-justify\">Software de Tiempo y Asistencia Basado en Web<\/li>\n<li class=\"ql-align-justify\">Sincronizaci\u00f3n autom\u00e1tica de datos<\/li>\n<li class=\"ql-align-justify\">Gesti\u00f3n autom\u00e1tica de datos<\/li>\n<li class=\"ql-align-justify\">Sincronizaci\u00f3n autom\u00e1tica de cientos de relojes checadores<\/li>\n<li class=\"ql-align-justify\">Horarios y Turnos Flexibles (Multiples, dia cruzado, flexibles, 24+ horas)<\/li>\n<li class=\"ql-align-justify\">M\u00f3dulo de Control de Acceso b\u00e1sico<\/li>\n<li class=\"ql-align-justify\">Sistema de Vacaciones por Antig\u00fcedad<\/li>\n<li class=\"ql-align-justify\">Alertas por FB Messenger<\/li>\n<li class=\"ql-align-justify\">Variedad de reportes de asistencia<\/li>\n<li class=\"ql-align-justify\">Funci\u00f3n de aprobaci\u00f3n de Tiempo Extra<\/li>\n<li class=\"ql-align-justify\">Sistema Multi-Empresarial para integradores de sistemas<\/li>\n<\/ul>\n<p class=\"ql-align-justify\"><em>*Licencia App ZKBioTime se adquiere por separado<\/em><\/p>\n<p>&nbsp;<\/p>\n<\/div>\n<\/div>\n<hr class=\"padding-bottom-2x\" \/>\n<div class=\"row align-items-center padding-bottom-2x\">\n<div class=\"col-md-5\"><img class=\"d-block m-auto img-thumbnail\" src=\"https:\/\/tvc.mx\/media\/226819\/Licencia-Vitalicia-1-Usuario-Adicional-BIOTIMEPROADDUSER-ZK-TVC-Complemento2.png\" alt=\" \" \/><\/div>\n<div class=\"col-md-7 text-md-left text-center\">\n<h2>Especificaciones del Software<\/h2>\n<p class=\"ql-align-justify\"><strong>Arquitectura del Sistema<\/strong>: Servidor \/ Navegador Web<\/p>\n<p class=\"ql-align-justify\"><strong>Dispositivos Compatibles<\/strong>: Terminales ZKTeco con funci\u00f3n ADMS: Serie Green Label G, Serie UA, Serie MB, Serie iClock, Serie SilkBio, Serie Multibio, Serie F, Serie Uface, IN05, SFace900, S922, X-629, Serie FaceKiosk, Serie Horus, Serie SpeedFace*, Serie Facedepot*, entre otros.<\/p>\n<p class=\"ql-align-justify\"><strong>Capacidad de Dispositivos<\/strong>: 300 en un mismo servidor**<\/p>\n<p class=\"ql-align-justify\"><strong>Base de Datos<\/strong>: PostgreSQL (Default), MS SQL Server 2005\/2008\/2012\/2014\/2016 (Recomendado), MySQL5.0.54, Oracle10g\/11g\/12c<\/p>\n<p class=\"ql-align-justify\"><strong>Sistema Operativo Compatible<\/strong>: Windows 7\/8\/8.1\/10 \/ Server 2003\/2008\/2008 R2\/2012\/2012 R2\/2014\/2016 (64-bits)<\/p>\n<p class=\"ql-align-justify\"><strong>Navegadores Sugeridos<\/strong>: Chrome 33+, IE 11+, Firefox 27+<\/p>\n<p>&nbsp;<\/p>\n<\/div>\n<\/div>\n<hr class=\"padding-bottom-2x\" \/>\n<div class=\"row align-items-center padding-bottom-2x\">\n<div class=\"col-md-5 order-md-2\"><img class=\"d-block m-auto img-thumbnail\" src=\"https:\/\/tvc.mx\/media\/226823\/Licencia-Vitalicia-1-Usuario-Adicional-BIOTIMEPROADDUSER-ZK-TVC-Complemento3.png\" alt=\" \" \/><\/div>\n<div class=\"col-md-7 order-md-1 text-md-left text-center\">\n<h2>Requisitos del Hardware<\/h2>\n<p class=\"ql-align-justify\"><strong>Dispositivos:<\/strong><\/p>\n<p class=\"ql-align-justify\">100 CPU: Intel i3 Quad Core RAM: 4GB<\/p>\n<p class=\"ql-align-justify\">200 CPU:\u00a0Intel i5 Magny-Cours RAM:\u00a0\u00a08GB<\/p>\n<p class=\"ql-align-justify\">300 CPU: Intel i7 Magny-Cours RAM: 16GB<\/p>\n<p class=\"ql-align-justify\">\u00a0Almacenamiento:\u00a0M\u00ednimo 100GB de espacio libre o m\u00e1s (Se recomienda usar partici\u00f3n de disco duro NTFS para el directorio de instalaci\u00f3n del software)<\/p>\n<p><strong>IMPORTANTE:<\/strong>\u00a0No olvide revisar las &#8220;<strong>Pol\u00edticas de Activaci\u00f3n de Licencia<\/strong>&#8221; que encontrara en el apartado de DOCUMENTOS.<\/p>\n<p>&nbsp;<\/p>\n<\/div>\n<\/div>\n<\/div>\n<\/div>\n<\/div>\n<\/div>\n<div class=\"container padding-bottom-3x mb-1\"><\/div>\n","protected":false},"excerpt":{"rendered":"<h1 id=\"title\" class=\"mb-3\">ZKTECO BIOTIMEPROADDUSER- Licencia Vitalicia para 1 Usuario Adicional<\/h1>\n","protected":false},"featured_media":296,"template":"","meta":[],"product_cat":[18],"product_tag":[],"_links":{"self":[{"href":"https:\/\/www.equipoelectronicogdl.com\/productos\/wp-json\/wp\/v2\/product\/308"}],"collection":[{"href":"https:\/\/www.equipoelectronicogdl.com\/productos\/wp-json\/wp\/v2\/product"}],"about":[{"href":"https:\/\/www.equipoelectronicogdl.com\/productos\/wp-json\/wp\/v2\/types\/product"}],"wp:featuredmedia":[{"embeddable":true,"href":"https:\/\/www.equipoelectronicogdl.com\/productos\/wp-json\/wp\/v2\/media\/296"}],"wp:attachment":[{"href":"https:\/\/www.equipoelectronicogdl.com\/productos\/wp-json\/wp\/v2\/media?parent=308"}],"wp:term":[{"taxonomy":"product_cat","embeddable":true,"href":"https:\/\/www.equipoelectronicogdl.com\/productos\/wp-json\/wp\/v2\/product_cat?post=308"},{"taxonomy":"product_tag","embeddable":true,"href":"https:\/\/www.equipoelectronicogdl.com\/productos\/wp-json\/wp\/v2\/product_tag?post=308"}],"curies":[{"name":"wp","href":"https:\/\/api.w.org\/{rel}","templated":true}]}}