{"id":304,"date":"2022-05-28T16:57:35","date_gmt":"2022-05-28T16:57:35","guid":{"rendered":"https:\/\/www.equipoelectronicogdl.com\/productos\/?post_type=product&#038;p=304"},"modified":"2022-05-28T16:57:39","modified_gmt":"2022-05-28T16:57:39","slug":"zkteco-speedfaceh5l","status":"publish","type":"product","link":"https:\/\/www.equipoelectronicogdl.com\/productos\/producto\/zkteco-speedfaceh5l\/","title":{"rendered":"ZKTECO SpeedfaceH5L"},"content":{"rendered":"<div id=\"product-details-container\" class=\"container-fluid mb-1\">\n<div class=\"tab-content\">\n<div id=\"overviews\" class=\"tab-pane fade show active\" role=\"tabpanel\">\n<div class=\"container-fluid padding-bottom-2x mb-2\">\n<div class=\"row aling-items-center padding-bottom-2x\">\n<div class=\"col-lg-12\">\n<h5 class=\"card-title text-center\">Informaci\u00f3n General<\/h5>\n<p class=\"ql-align-justify\">El Control de Acceso y Asistencia\u00a0<strong>SpeedFace-H5<\/strong>\u00a0es una terminal biom\u00e9trica h\u00edbrida basado en Linux, cuenta con reconocimiento facial\u00a0<u>Visible Ligth.<\/u><\/p>\n<p class=\"ql-align-justify\">La distancia de reconocimiento del rostro se ha incrementado considerablemente\u00a0<u>hasta 2 metros<\/u>\u00a0y si bien la mayor\u00eda de los algoritmos solo admite +\/- 15 \u00b0 de tolerancia en el \u00e1ngulo de reconocimiento de rostro, el\u00a0<strong>SpeedFace-H5<\/strong>\u00a0duplica el \u00e1ngulo de detecci\u00f3n en t\u00e9rminos de rotaci\u00f3n e inclinaci\u00f3n a +\/- 30 \u00b0, con esto se mejora significativamente la tasa m\u00e1xima del trafico de los usuarios.<\/p>\n<p class=\"ql-align-justify\">Et\u00e1 dise\u00f1ado para su instalaci\u00f3n sobre los muros para aplicaciones de control de acceso y tiempo y asistencia, incluidos centros de conferencias, entradas a escuelas y otras \u00e1reas cr\u00edticas.<\/p>\n<p class=\"ql-align-justify\">Eliminando los problemas de higiene, el\u00a0<strong>Speedface-H5<\/strong>\u00a0funciona con la tecnolog\u00eda\u00a0Computer Vision\u00a0con el\u00a0<u>reconocimiento de palma sin contacto\u00a03 en 1<\/u>, lo que significa que la terminal puede realizar una\u00a0<u>autenticaci\u00f3n biol\u00f3gica con la vena de la palma de un usuario<\/u>,\u00a0<u>la impresi\u00f3n de la palma<\/u>\u00a0y\u00a0<u>la forma de la palma<\/u>, al mismo tiempo una vez que el sensor detecta una mano.<\/p>\n<p><img class=\"overview-center-img-web\" src=\"https:\/\/tvc.mx\/media\/421779\/Control-Acceso-Asistencia-Facial-Rostros-Huellas-SpeedFaceH5L-ZK-TVC-Banner.png\" alt=\"\" \/><\/div>\n<\/div>\n<div class=\"row align-items-center padding-bottom-2x\">\n<div class=\"col-md-5 order-md-2\"><img class=\"d-block m-auto img-thumbnail\" src=\"https:\/\/tvc.mx\/media\/314443\/Control-Acceso-Asistencia-Facial-Rostros-Huellas-SpeedFaceH5L-ZK-TVC-Complemento.png\" alt=\" \" \/><\/div>\n<div class=\"col-md-7 order-md-1 text-md-left text-center\">\n<h2>Principales Caracter\u00edsticas<\/h2>\n<p class=\"text-muted\">\n<p><strong>Almacenamiento:<\/strong><\/p>\n<ul>\n<li>3,000 Palmas<\/li>\n<li>6,000 Rostros (<a href=\"https:\/\/soporte.tvc.mx\/Ingenieria\/ZK\/MANUALES\/VisibleLight.jfif\" target=\"_blank\" rel=\"noopener\">Visible Light<\/a>)<\/li>\n<li>6,000 Huellas (<a href=\"https:\/\/soporte.tvc.mx\/Ingenieria\/ZK\/MANUALES\/SilkID.jfif\" target=\"_blank\" rel=\"noopener\">Sensor SilkID<\/a>)<\/li>\n<li>3,000 Tarjetas (<a href=\"https:\/\/soporte.tvc.mx\/Ingenieria\/ZK\/MANUALES\/RF_ID.pdf\" target=\"_blank\" rel=\"noopener\">RF-ID<\/a>)<\/li>\n<li>200,000 Eventos<\/li>\n<\/ul>\n<p><strong>Interfaz de Comunicaci\u00f3n:<\/strong>\u00a0TCP\/IP<\/p>\n<p><strong>Funci\u00f3n ADMS<\/strong>\u00a0Ready<\/p>\n<p><strong>Interfaz de Acceso:<\/strong><\/p>\n<ul>\n<li>Relevador para Control de Acceso<\/li>\n<li>Conexi\u00f3n para Bot\u00f3n de Salida<\/li>\n<li>Conexion para Sensor de Puerta<\/li>\n<li>Conexi\u00f3n para Impresora (RS232)<\/li>\n<li>Salida y Entrada Wiegand<\/li>\n<li>Conexi\u00f3n RS485 (para Lector Esclavo)<\/li>\n<li>Entrada Auxiliar<\/li>\n<li>Salida de Alarma<\/li>\n<\/ul>\n<p class=\"ql-align-justify\"><strong>Software Compatible:<\/strong>\u00a0<a href=\"https:\/\/soporte.tvc.mx\/Ingenieria\/ZK\/MANUALES\/Licencia_Biosecurity.pdf\" target=\"_blank\" rel=\"noopener\">BioSecurity<\/a>,\u00a0<a href=\"https:\/\/tvc.mx\/products\/33562\/zkteco-zkbaacp15-licencia-de-control-de-acceso-bio-access-p\" target=\"_blank\" rel=\"noopener\">BioAccess<\/a>,\u00a0<a href=\"https:\/\/soporte.tvc.mx\/Ingenieria\/ZK\/MANUALES\/Licencia_BiotimePRO.pdf\" target=\"_blank\" rel=\"noopener\">BioTime PRO<\/a>\u00a0(Actualizaci\u00f3n Gratuita)<\/p>\n<p>&nbsp;<\/p>\n<\/div>\n<\/div>\n<hr class=\"padding-bottom-2x\" \/>\n<div class=\"row align-items-center padding-bottom-2x\">\n<div class=\"col-md-5\"><img class=\"d-block m-auto img-thumbnail\" src=\"https:\/\/tvc.mx\/media\/314455\/Control-Acceso-Asistencia-Facial-Rostros-Huellas-SpeedFaceH5L-ZK-TVC-Complemento2.png\" alt=\" \" \/><\/div>\n<div class=\"col-md-7 text-md-left text-center\">\n<h2>Especificaciones T\u00e9cnicas<\/h2>\n<p class=\"text-muted\">\n<p><strong>Pantalla:<\/strong>\u00a0T\u00e1ctil de 5 Pulgadas<\/p>\n<p><strong>Luz LED:<\/strong>\u00a0Brillo Ajustable<\/p>\n<p><strong>Fuente de Alimentaci\u00f3n:<\/strong>\u00a0DC 12V 3A<\/p>\n<p><strong>Temperatura de Operaci\u00f3n:<\/strong>\u00a0&#8211; 10\u00b0C ~ 45\u00b0C<\/p>\n<p><strong>Humedad de Operaci\u00f3n:<\/strong>\u00a010% ~ 90%<\/p>\n<p><strong>Dimensiones:<\/strong>\u00a0134.93 * 166.93 * 21.5 (mm)<\/p>\n<p><strong>Peso Neto:<\/strong>\u00a0260g<\/p>\n<p><strong>Peso Bruto:<\/strong>\u00a0850g<\/p>\n<p class=\"ql-align-justify\"><strong>Algoritmos:<\/strong>\u00a0ZKFace V5.8 &amp; ZKFinger V10.0 &amp; ZKPalm V12.0<\/p>\n<p>&nbsp;<\/p>\n<\/div>\n<\/div>\n<hr class=\"padding-bottom-2x\" \/>\n<div class=\"row align-items-center padding-bottom-2x\">\n<div class=\"col-md-5 order-md-2\"><img class=\"d-block m-auto img-thumbnail\" src=\"https:\/\/tvc.mx\/media\/379663\/Control-Acceso-Asistencia-Facial-Rostros-Huellas-SpeedFaceH5L-ZK-TVC-Complemento3.png\" alt=\" \" \/><\/div>\n<div class=\"col-md-7 order-md-1 text-md-left text-center\">\n<h2>Incluye<\/h2>\n<p class=\"text-muted\">\n<ul>\n<li>Soporte de pared<\/li>\n<li>Plantilla de montaje<\/li>\n<li>Torniller\u00eda de montaje<\/li>\n<li>Arn\u00e9s de conexi\u00f3n para fuente de poder<\/li>\n<li>Arn\u00e9s de conexi\u00f3n para Ethernet<\/li>\n<li>Arn\u00e9s de conexi\u00f3n para control de Acceso<\/li>\n<li>Fuente de Poder (12V 3A)<\/li>\n<\/ul>\n<p>&nbsp;<\/p>\n<\/div>\n<\/div>\n<\/div>\n<\/div>\n<\/div>\n<\/div>\n<div class=\"container padding-bottom-3x mb-1\"><\/div>\n","protected":false},"excerpt":{"rendered":"<h1 id=\"title\" class=\"mb-3\">ZKTECO SpeedfaceH5L &#8211; Terminal de Control de Acceso y Asistencia \/ 6000 Rostros \/ 10000 Tarjetas o C\u00f3digo QR \/ 6000 Huellas \/ 3000 Palmas \/ Pantalla Touch de 5&#8243; \/ Reconocimiento a 2m \/ Serie Visible Light \/ TCP\/IP \/ #MTD<\/h1>\n","protected":false},"featured_media":294,"template":"","meta":[],"product_cat":[19,18],"product_tag":[],"_links":{"self":[{"href":"https:\/\/www.equipoelectronicogdl.com\/productos\/wp-json\/wp\/v2\/product\/304"}],"collection":[{"href":"https:\/\/www.equipoelectronicogdl.com\/productos\/wp-json\/wp\/v2\/product"}],"about":[{"href":"https:\/\/www.equipoelectronicogdl.com\/productos\/wp-json\/wp\/v2\/types\/product"}],"wp:featuredmedia":[{"embeddable":true,"href":"https:\/\/www.equipoelectronicogdl.com\/productos\/wp-json\/wp\/v2\/media\/294"}],"wp:attachment":[{"href":"https:\/\/www.equipoelectronicogdl.com\/productos\/wp-json\/wp\/v2\/media?parent=304"}],"wp:term":[{"taxonomy":"product_cat","embeddable":true,"href":"https:\/\/www.equipoelectronicogdl.com\/productos\/wp-json\/wp\/v2\/product_cat?post=304"},{"taxonomy":"product_tag","embeddable":true,"href":"https:\/\/www.equipoelectronicogdl.com\/productos\/wp-json\/wp\/v2\/product_tag?post=304"}],"curies":[{"name":"wp","href":"https:\/\/api.w.org\/{rel}","templated":true}]}}