{"id":303,"date":"2022-05-28T16:41:47","date_gmt":"2022-05-28T16:41:47","guid":{"rendered":"https:\/\/www.equipoelectronicogdl.com\/productos\/?post_type=product&#038;p=303"},"modified":"2022-05-28T16:41:49","modified_gmt":"2022-05-28T16:41:49","slug":"zkteco-ua860id","status":"publish","type":"product","link":"https:\/\/www.equipoelectronicogdl.com\/productos\/producto\/zkteco-ua860id\/","title":{"rendered":"ZKTECO UA860ID"},"content":{"rendered":"<div class=\"row aling-items-center padding-bottom-2x\">\n<div class=\"col-lg-12\">\n<h5 class=\"card-title text-center\">Informaci\u00f3n General<\/h5>\n<p class=\"ql-align-justify\">El dispositivo\u00a0<strong>UA860\u00a0<\/strong>es una terminal biom\u00e9trica con pantalla a color de 2.8 pulgadas, dise\u00f1ada para realizar la gesti\u00f3n de Tiempo y Asistencia y aplicaciones de Control de Acceso B\u00e1sico. Integrado con el lector de huella digital BioID para un reconocimiento y verificaci\u00f3n de forma eficaz.<\/p>\n<p class=\"ql-align-justify\">Es posible administrar el UA860 con su interfaz de red TCP\/IP, Wi-Fi o por medio de su puerto USB para la transferencia manual de datos para evitar el riesgo de que la informaci\u00f3n sea borrada accidentalmente.<\/p>\n<p><img class=\"overview-center-img-web\" src=\"https:\/\/tvc.mx\/media\/422243\/Control-Acceso-Asistencia-Simple-TarjetasID-Huellas-WiFi-ADMS-UA860-ZK-TVC-Banner.png\" alt=\"\" \/><\/div>\n<\/div>\n<div class=\"row align-items-center padding-bottom-2x\">\n<div class=\"col-md-5 order-md-2\"><img class=\"d-block m-auto img-thumbnail\" src=\"https:\/\/tvc.mx\/media\/355859\/Control-Acceso-Asistencia-Simple-TarjetasID-Huellas-WiFi-ADMS-UA860-ZK-TVC-Complemento.png\" alt=\" \" \/><\/div>\n<div class=\"col-md-7 order-md-1 text-md-left text-center\">\n<h2>Principales Caracteristicas<\/h2>\n<p class=\"text-muted\">\n<p><strong>Almacenamiento:<\/strong><\/p>\n<ul>\n<li>3,000 Huellas<\/li>\n<li>3,000 Tarjetas (<a href=\"https:\/\/soporte.tvc.mx\/Ingenieria\/ZK\/MANUALES\/RF_ID.pdf\" target=\"_blank\" rel=\"noopener\">RF-ID<\/a>)<\/li>\n<li>3,000 Contrase\u00f1as<\/li>\n<li>50,000 Eventos<\/li>\n<\/ul>\n<p><strong>Interfaz de Comunicaci\u00f3n:<\/strong>\u00a0TCP\/IP, USB(Host),\u00a0<strong>Wi-Fi<\/strong><\/p>\n<p><strong>Funci\u00f3n ADMS<\/strong>\u00a0Ready<\/p>\n<p><strong>Interfaz de Acceso:<\/strong><\/p>\n<ul>\n<li>Relevador para Control de Acceso<\/li>\n<li>Conexi\u00f3n para Bot\u00f3n de Salida<\/li>\n<li>Conexi\u00f3n para Impresora (RS232)<\/li>\n<\/ul>\n<p><strong>Funci\u00f3n opcional de paga (Actualizaci\u00f3n de Firmware)(Clave:\u00a0<\/strong><a href=\"https:\/\/tvc.mx\/products\/2902\/zkteco-wdmsadd-upgrade-para-agregar-adms-en-equipos-zk-c\" target=\"_blank\" rel=\"noopener\"><strong>67067<\/strong><\/a><strong>)<\/strong><\/p>\n<ul>\n<li>Activaci\u00f3n de Relevador por Timbre Programado<\/li>\n<\/ul>\n<p><strong>Software Compatible:<\/strong>\u00a0<a href=\"https:\/\/foro.tvc.mx\/docs\/centro-de-descargas-zk\" target=\"_blank\" rel=\"noopener\">ZK Time.Net Lite<\/a>,\u00a0<a href=\"https:\/\/tvc.mx\/products?categoryId=&amp;query=%7B%22search%22%3A%22time%20net%203.0%22%2C%22view%22%3A%22grid%22%2C%22sortBy%22%3A%7B%22sortCriteria%22%3A%22name%22%2C%22sortDirection%22%3A%22desc%22%7D%2C%22perPage%22%3A40%2C%22priceRange%22%3A%7B%22min%22%3A0%2C%22max%22%3Anull%7D%7D\" target=\"_blank\" rel=\"noopener\">ZK Time.Net 3.0<\/a>,\u00a0<a href=\"https:\/\/soporte.tvc.mx\/Ingenieria\/ZK\/MANUALES\/Licencia_BiotimePRO.pdf\" target=\"_blank\" rel=\"noopener\">BioTime PRO<\/a>,\u00a0<a href=\"https:\/\/soporte.tvc.mx\/Ingenieria\/ZK\/MANUALES\/Licencia_Titanium.pdf\" target=\"_blank\" rel=\"noopener\">Titanium<\/a><\/p>\n<p>&nbsp;<\/p>\n<\/div>\n<\/div>\n<hr class=\"padding-bottom-2x\" \/>\n<div class=\"row align-items-center padding-bottom-2x\">\n<div class=\"col-md-5\"><img class=\"d-block m-auto img-thumbnail\" src=\"https:\/\/tvc.mx\/media\/355867\/Control-Acceso-Asistencia-Simple-TarjetasID-Huellas-WiFi-ADMS-UA860-ZK-TVC-Complemento2.png\" alt=\" \" \/><\/div>\n<div class=\"col-md-7 text-md-left text-center\">\n<h2>Especificaciones T\u00e9cnicas<\/h2>\n<p class=\"text-muted\">\n<p><strong>Pantalla:\u00a0<\/strong>2.8 Pulgadas TFT<\/p>\n<p><strong>Fuente de Alimentaci\u00f3n:<\/strong>\u00a0DC 12V 1.5A<\/p>\n<p><strong>Temperatura de Operaci\u00f3n:<\/strong>\u00a00\u00b0c a 45\u00b0c<\/p>\n<p><strong>Humedad de Operaci\u00f3n:\u00a0<\/strong>20% &#8211; 80%<\/p>\n<p><strong>Dimensiones:<\/strong>\u00a0185 x 137 x 38.2 mm<\/p>\n<p>&nbsp;<\/p>\n<\/div>\n<\/div>\n<hr class=\"padding-bottom-2x\" \/>\n<div class=\"row align-items-center padding-bottom-2x\">\n<div class=\"col-md-5 order-md-2\"><img class=\"d-block m-auto img-thumbnail\" src=\"https:\/\/tvc.mx\/media\/375315\/Control-Acceso-Asistencia-Simple-TarjetasID-Huellas-WiFi-ADMS-UA860-ZK-TVC-Complemento3.png\" alt=\" \" \/><\/div>\n<div class=\"col-md-7 order-md-1 text-md-left text-center\">\n<h2>Incluye<\/h2>\n<p class=\"text-muted\">\n<ul>\n<li>Soporte de pared<\/li>\n<li>Torniller\u00eda de montaje<\/li>\n<li>Arn\u00e9s de conexi\u00f3n<\/li>\n<li>Fuente de Poder (12V 1.5A)<\/li>\n<\/ul>\n<\/div>\n<\/div>\n","protected":false},"excerpt":{"rendered":"<h1 id=\"title\" class=\"mb-3\">ZKTECO UA860ID &#8211; Control de Acceso y Asistencia Simple \/ 3000 Usuarios \/ 3000 Tarjetas ID \/ 50000 Registros \/ TCPIP \/ WiFi \/ ADMS<\/h1>\n","protected":false},"featured_media":286,"template":"","meta":[],"product_cat":[18],"product_tag":[],"_links":{"self":[{"href":"https:\/\/www.equipoelectronicogdl.com\/productos\/wp-json\/wp\/v2\/product\/303"}],"collection":[{"href":"https:\/\/www.equipoelectronicogdl.com\/productos\/wp-json\/wp\/v2\/product"}],"about":[{"href":"https:\/\/www.equipoelectronicogdl.com\/productos\/wp-json\/wp\/v2\/types\/product"}],"wp:featuredmedia":[{"embeddable":true,"href":"https:\/\/www.equipoelectronicogdl.com\/productos\/wp-json\/wp\/v2\/media\/286"}],"wp:attachment":[{"href":"https:\/\/www.equipoelectronicogdl.com\/productos\/wp-json\/wp\/v2\/media?parent=303"}],"wp:term":[{"taxonomy":"product_cat","embeddable":true,"href":"https:\/\/www.equipoelectronicogdl.com\/productos\/wp-json\/wp\/v2\/product_cat?post=303"},{"taxonomy":"product_tag","embeddable":true,"href":"https:\/\/www.equipoelectronicogdl.com\/productos\/wp-json\/wp\/v2\/product_tag?post=303"}],"curies":[{"name":"wp","href":"https:\/\/api.w.org\/{rel}","templated":true}]}}