{"id":302,"date":"2022-05-28T16:37:02","date_gmt":"2022-05-28T16:37:02","guid":{"rendered":"https:\/\/www.equipoelectronicogdl.com\/productos\/?post_type=product&#038;p=302"},"modified":"2022-05-28T16:37:16","modified_gmt":"2022-05-28T16:37:16","slug":"zkteco-horustl1","status":"publish","type":"product","link":"https:\/\/www.equipoelectronicogdl.com\/productos\/producto\/zkteco-horustl1\/","title":{"rendered":"ZKTECO HORUSTL1"},"content":{"rendered":"<div class=\"row aling-items-center padding-bottom-2x\">\n<div class=\"col-lg-12\">\n<h5 class=\"card-title text-center\">Informaci\u00f3n General<\/h5>\n<p class=\"ql-align-justify\">La terminal de tiempo y asistencia\u00a0<strong>Horus TL1<\/strong>\u00a0es un dispositivo basado en Linux de nueva generaci\u00f3n para soluciones de oficinas inteligentes. Incorporando un procesador optimizado espec\u00edficamente para la ejecuci\u00f3n de un nuevo algoritmo facial m\u00e1s avanzado, el\u00a0<strong>Horus TL1<\/strong>\u00a0es perfecto para la gesti\u00f3n de personal en PYMES de forma sencilla, eficiente y completamente sin contacto.<\/p>\n<p><img class=\"overview-center-img-web\" src=\"https:\/\/tvc.mx\/media\/402455\/Control-Asistencia-Reconocimiento-Facial-Visible-Light-HorusTL1-ZK-Banner.png\" alt=\"\" \/><\/p>\n<\/div>\n<\/div>\n<div class=\"row align-items-center padding-bottom-2x\">\n<div class=\"col-md-5 order-md-2\"><img class=\"d-block m-auto img-thumbnail\" src=\"https:\/\/tvc.mx\/media\/321375\/Control-Asistencia-Reconocimiento-Facial-Visible-Light-HorusTL1-ZK-Complemento2.png\" alt=\" \" \/><\/div>\n<div class=\"col-md-7 order-md-1 text-md-left text-center\">\n<h2>Principales Caracter\u00edsticas<\/h2>\n<p><strong>Almacenamiento:<\/strong><\/p>\n<ul>\n<li>800 Rostros (<a href=\"https:\/\/soporte.tvc.mx\/Ingenieria\/ZK\/MANUALES\/VisibleLight.jfif\" target=\"_blank\" rel=\"noopener\">Visible Light<\/a>)<\/li>\n<li>800 Contrase\u00f1a<\/li>\n<li>150,000 Eventos<\/li>\n<\/ul>\n<p><strong>Interfaz de Comunicaci\u00f3n:<\/strong>\u00a0WiFi<\/p>\n<p><strong>Funci\u00f3n ADMS<\/strong>\u00a0Ready<\/p>\n<p><strong>Software Compatible:<\/strong>\u00a0<a href=\"https:\/\/soporte.tvc.mx\/Ingenieria\/ZK\/MANUALES\/Licencia_BiotimePRO.pdf\" target=\"_blank\" rel=\"noopener\">BioTime PRO<\/a>,\u00a0BioSecurity (<a href=\"https:\/\/soporte.tvc.mx\/Ingenieria\/ZK\/MANUALES\/Biosecurity_asistencia.pdf\" target=\"_blank\" rel=\"noopener\">Modulo Asistencia<\/a>),\u00a0<a href=\"https:\/\/tvc.mx\/products\/33562\/zkteco-zkbaacp15-licencia-de-control-de-acceso-bio-access-p\" target=\"_blank\" rel=\"noopener\">BioAccess<\/a>\u00a0(Modulo Asistencia),\u00a0<a href=\"https:\/\/tvc.mx\/products?categoryId=&amp;query=%7B%22search%22%3A%22Biotime%20CLOUD%22%2C%22view%22%3A%22grid%22%2C%22sortBy%22%3A%7B%22sortCriteria%22%3A%22name%22%2C%22sortDirection%22%3A%22desc%22%7D%2C%22perPage%22%3A40%2C%22priceRange%22%3A%7B%22min%22%3A0%2C%22max%22%3Anull%7D%7D\" target=\"_blank\" rel=\"noopener\">BioTime PRO Cloud<\/a><\/p>\n<p>&nbsp;<\/p>\n<\/div>\n<\/div>\n<hr class=\"padding-bottom-2x\" \/>\n<div class=\"row align-items-center padding-bottom-2x\">\n<div class=\"col-md-5\"><img class=\"d-block m-auto img-thumbnail\" src=\"https:\/\/tvc.mx\/media\/321395\/Control-Asistencia-Reconocimiento-Facial-Visible-Light-HorusTL1-ZK-Complemento.png\" alt=\" \" \/><\/div>\n<div class=\"col-md-7 text-md-left text-center\">\n<h2>Especificaciones<\/h2>\n<p><strong>Pantalla:<\/strong>\u00a0T\u00e1ctil de 2.8 pulgadas<\/p>\n<p><strong>Luz LED:<\/strong>\u00a0Brillo Ajustable<\/p>\n<p><strong>Fuente de Alimentaci\u00f3n:<\/strong>\u00a05V \/ 2A<\/p>\n<p><strong>Temperatura de Operaci\u00f3n:<\/strong>\u00a00\u00b0c a 45\u00b0c<\/p>\n<p><strong>Trabajo en Humedad:<\/strong>\u00a010% &#8211; 90%<\/p>\n<p><strong>Dimensiones:<\/strong>\u00a0100 * 100.2 * 23.7 mm<\/p>\n<p><strong>Algoritmos:<\/strong>ZKFace VX5.8<\/p>\n<\/div>\n<\/div>\n","protected":false},"excerpt":{"rendered":"<h1 id=\"title\" class=\"mb-3\">ZKTECO HORUSTL1 &#8211; Control de asistencia facial Visible Light \/ 800 rostros \/ 150000 eventos \/ ADMS \/ WiFi \/ BioTimePro gratis soporta 2 relojes y 200 empleados \/ #MTD \/<\/h1>\n","protected":false},"featured_media":284,"template":"","meta":[],"product_cat":[19,18],"product_tag":[],"_links":{"self":[{"href":"https:\/\/www.equipoelectronicogdl.com\/productos\/wp-json\/wp\/v2\/product\/302"}],"collection":[{"href":"https:\/\/www.equipoelectronicogdl.com\/productos\/wp-json\/wp\/v2\/product"}],"about":[{"href":"https:\/\/www.equipoelectronicogdl.com\/productos\/wp-json\/wp\/v2\/types\/product"}],"wp:featuredmedia":[{"embeddable":true,"href":"https:\/\/www.equipoelectronicogdl.com\/productos\/wp-json\/wp\/v2\/media\/284"}],"wp:attachment":[{"href":"https:\/\/www.equipoelectronicogdl.com\/productos\/wp-json\/wp\/v2\/media?parent=302"}],"wp:term":[{"taxonomy":"product_cat","embeddable":true,"href":"https:\/\/www.equipoelectronicogdl.com\/productos\/wp-json\/wp\/v2\/product_cat?post=302"},{"taxonomy":"product_tag","embeddable":true,"href":"https:\/\/www.equipoelectronicogdl.com\/productos\/wp-json\/wp\/v2\/product_tag?post=302"}],"curies":[{"name":"wp","href":"https:\/\/api.w.org\/{rel}","templated":true}]}}