{"id":301,"date":"2022-05-28T16:17:09","date_gmt":"2022-05-28T16:17:09","guid":{"rendered":"https:\/\/www.equipoelectronicogdl.com\/productos\/?post_type=product&#038;p=301"},"modified":"2022-05-28T16:29:35","modified_gmt":"2022-05-28T16:29:35","slug":"zkteco-g3pro","status":"publish","type":"product","link":"https:\/\/www.equipoelectronicogdl.com\/productos\/producto\/zkteco-g3pro\/","title":{"rendered":"ZKTECO G3PRO"},"content":{"rendered":"<div id=\"product-details-container\" class=\"container-fluid mb-1\">\n<div class=\"tab-content\">\n<div id=\"overviews\" class=\"tab-pane fade show active\" role=\"tabpanel\">\n<div class=\"container-fluid padding-bottom-2x mb-2\">\n<div class=\"row aling-items-center padding-bottom-2x\">\n<div class=\"col-lg-12\">\n<h5 class=\"card-title text-center\">Informaci\u00f3n General<\/h5>\n<p>El Control de Asistencia y Acceso Basico<strong>G3 Pro<\/strong>\u00a0funciona con la tecnolog\u00eda\u00a0<strong>Computer Vision<\/strong>\u00a0con el\u00a0<u>reconocimiento de palma sin contacto\u00a03 en 1<\/u>, lo que significa que la terminal puede realizar una\u00a0<u>autenticaci\u00f3n biol\u00f3gica con la vena de la palma de un usuario<\/u>,\u00a0<u>la impresi\u00f3n de la palma<\/u>\u00a0y\u00a0<u>la forma de la palma<\/u>, al mismo tiempo una vez que el sensor detecta una mano.<\/p>\n<p>Las venas de la palma y los patrones de impresi\u00f3n de la palma son identificadores humanos confiables, ya que los detalles son extremadamente dif\u00edciles de duplicar, por lo tanto, junto con el poderoso algoritmo, los usuarios pueden disfrutar de la capacidad mejorada de suplantaci\u00f3n de identidad de la terminal.<\/p>\n<p class=\"ql-align-justify\">Eliminando los problemas de higiene, el\u00a0<strong>G3 Pro<\/strong>\u00a0est\u00e1 equipado con una novedosa t\u00e9cnica de seguimiento manual, permitiendo una tolerancia de \u00e1ngulo tan amplia de +\/- 60 \u00b0 en el eje del rodillo, con capacidad de 6,000 plantillas de palma y con una CPU de cuatro n\u00facleos a 1,4 GHz, extrae la impresi\u00f3n de la palma y el patr\u00f3n de venas para su an\u00e1lisis en un distancia para reconocimiento de 0.2m a 0.5m en menos de 0.35s. Los usuarios ya no necesitan intentar tocar el sensor en un \u00e1ngulo espec\u00edfico y alinear el centro de la palma con el centro del sensor de entrada para obtener im\u00e1genes manuales adecuadas<\/p>\n<p><img class=\"overview-center-img-web\" src=\"https:\/\/tvc.mx\/media\/396335\/Control-Acceso-Asistencia-Facial-Palma-Huellas-SILKID-TarjetasID-G3PROID-ZK-TVC-Banner.png\" alt=\"\" \/><\/p>\n<\/div>\n<\/div>\n<div class=\"row align-items-center padding-bottom-2x\">\n<div class=\"col-md-5 order-md-2\"><img class=\"d-block m-auto img-thumbnail\" src=\"https:\/\/tvc.mx\/media\/313311\/Control-Acceso-Asistencia-Facial-Palma-Huellas-SILKID-TarjetasID-G3PROID-ZK-TVC-Complemento.png\" alt=\" \" \/><\/div>\n<div class=\"col-md-7 order-md-1 text-md-left text-center\">\n<h2>Principales Caracter\u00edsticas<\/h2>\n<p><strong>Almacenamiento:<\/strong><\/p>\n<ul>\n<li>6,000 Palmas<\/li>\n<li>12,000 Rostros<\/li>\n<li>20,000 Tarjetas (<a href=\"https:\/\/soporte.tvc.mx\/Ingenieria\/ZK\/MANUALES\/RF_ID.pdf\" target=\"_blank\" rel=\"noopener\">RF ID<\/a>)<\/li>\n<li>20,000 Huellas (<a href=\"https:\/\/soporte.tvc.mx\/Ingenieria\/ZK\/MANUALES\/SilkID.jfif\" target=\"_blank\" rel=\"noopener\">Sensor SilkID<\/a>)<\/li>\n<li>200,000 Eventos<\/li>\n<\/ul>\n<p><strong>Interfaz de Comunicaci\u00f3n:<\/strong>\u00a0TCP\/IP, USB(Host)<\/p>\n<p><strong>Funci\u00f3n ADMS:<\/strong>\u00a0Ready<\/p>\n<p><strong>Interfaz de Acceso:<\/strong><\/p>\n<ul>\n<li>Relevador para Control de Acceso<\/li>\n<li>Conexi\u00f3n para Bot\u00f3n de Salida<\/li>\n<li>Conexion para Sensor de Puerta<\/li>\n<li>Salida Wiegand<\/li>\n<li>Conexi\u00f3n para Impresora (RS232)<\/li>\n<\/ul>\n<p><strong>Funci\u00f3n opcional de paga (Actualizaci\u00f3n de Firmware)(Clave:\u00a0<\/strong><a href=\"https:\/\/tvc.mx\/products\/2902\/zkteco-wdmsadd-upgrade-para-agregar-adms-en-equipos-zk-c\" target=\"_blank\" rel=\"noopener\"><strong>67067<\/strong><\/a><strong>)<\/strong><\/p>\n<ul>\n<li>Activaci\u00f3n de Relevador por Timbre Programado<\/li>\n<\/ul>\n<p><strong>Software Compatible:<\/strong>\u00a0<a href=\"https:\/\/soporte.tvc.mx\/Ingenieria\/ZK\/MANUALES\/Licencia_BiotimePRO.pdf\" target=\"_blank\" rel=\"noopener\">BioTime PRO<\/a>, BioSecurity (<a href=\"https:\/\/soporte.tvc.mx\/Ingenieria\/ZK\/MANUALES\/Biosecurity_asistencia.pdf\" target=\"_blank\" rel=\"noopener\">Modulo Asistencia<\/a>), BioAccess (<a href=\"https:\/\/tvc.mx\/products\/33562\/zkteco-zkbaacp15-licencia-de-control-de-acceso-bio-access-p\" target=\"_blank\" rel=\"noopener\">Modulo Asistencia<\/a>)<\/p>\n<p>&nbsp;<\/p>\n<\/div>\n<\/div>\n<hr class=\"padding-bottom-2x\" \/>\n<div class=\"row align-items-center padding-bottom-2x\">\n<div class=\"col-md-5\"><img class=\"d-block m-auto img-thumbnail\" src=\"https:\/\/tvc.mx\/media\/313259\/Control-Acceso-Asistencia-Facial-Palma-Huellas-SILKID-TarjetasID-G3PROID-ZK-TVC-Complemento2.png\" alt=\" \" \/><\/div>\n<div class=\"col-md-7 text-md-left text-center\">\n<h2>Especificaciones T\u00e9cnicas<\/h2>\n<p><strong>Pantalla:<\/strong>\u00a04.3 Pulgadas<\/p>\n<p><strong>Fuente de Alimentaci\u00f3n:<\/strong>\u00a0DC 12V 3 A<\/p>\n<p><strong>Temperatura de Operaci\u00f3n:<\/strong>\u00a00\u00b0c a 45\u00b0c<\/p>\n<p><strong>Humedad de Operaci\u00f3n:<\/strong>\u00a020% &#8211; 80%<\/p>\n<p><strong>Dimensiones:<\/strong>\u00a0199.2 x 171.8 x 96.9 mm<\/p>\n<p><strong>Algoritmos:<\/strong>\u00a0ZKFace v12.0 &amp; ZKFinger v10.0 ZKPalm V12.0<\/p>\n<p>&nbsp;<\/p>\n<\/div>\n<\/div>\n<hr class=\"padding-bottom-2x\" \/>\n<div class=\"row align-items-center padding-bottom-2x\">\n<div class=\"col-md-5 order-md-2\"><img class=\"d-block m-auto img-thumbnail\" src=\"https:\/\/tvc.mx\/media\/379927\/Control-Acceso-Asistencia-Facial-Palma-Huellas-SILKID-TarjetasID-G3PROID-ZK-TVC-Complemento3.png\" alt=\" \" \/><\/div>\n<div class=\"col-md-7 order-md-1 text-md-left text-center\">\n<h2>Incluye<\/h2>\n<ul>\n<li>Soporte de pared<\/li>\n<li>Plantilla de montaje<\/li>\n<li>Torniller\u00eda de montaje<\/li>\n<li>Borneras de conexi\u00f3n<\/li>\n<li>Fuente de Poder (12V 3A)<\/li>\n<\/ul>\n<p>&nbsp;<\/p>\n<\/div>\n<\/div>\n<\/div>\n<\/div>\n<\/div>\n<\/div>\n<div class=\"container padding-bottom-3x mb-1\"><\/div>\n","protected":false},"excerpt":{"rendered":"<h1 id=\"title\" class=\"mb-3\">Control de Acceso y Asistencia Facial y Palma \/ 12000 Rostros \/ 20000 Huellas SILK ID \/ 20000 Tarjetas ID \/ 6000 Palmas \/ Green Label<\/h1>\n","protected":false},"featured_media":285,"template":"","meta":[],"product_cat":[19,18],"product_tag":[],"_links":{"self":[{"href":"https:\/\/www.equipoelectronicogdl.com\/productos\/wp-json\/wp\/v2\/product\/301"}],"collection":[{"href":"https:\/\/www.equipoelectronicogdl.com\/productos\/wp-json\/wp\/v2\/product"}],"about":[{"href":"https:\/\/www.equipoelectronicogdl.com\/productos\/wp-json\/wp\/v2\/types\/product"}],"wp:featuredmedia":[{"embeddable":true,"href":"https:\/\/www.equipoelectronicogdl.com\/productos\/wp-json\/wp\/v2\/media\/285"}],"wp:attachment":[{"href":"https:\/\/www.equipoelectronicogdl.com\/productos\/wp-json\/wp\/v2\/media?parent=301"}],"wp:term":[{"taxonomy":"product_cat","embeddable":true,"href":"https:\/\/www.equipoelectronicogdl.com\/productos\/wp-json\/wp\/v2\/product_cat?post=301"},{"taxonomy":"product_tag","embeddable":true,"href":"https:\/\/www.equipoelectronicogdl.com\/productos\/wp-json\/wp\/v2\/product_tag?post=301"}],"curies":[{"name":"wp","href":"https:\/\/api.w.org\/{rel}","templated":true}]}}