{"id":278,"date":"2022-05-28T14:46:15","date_gmt":"2022-05-28T14:46:15","guid":{"rendered":"https:\/\/www.equipoelectronicogdl.com\/productos\/?post_type=product&#038;p=278"},"modified":"2022-05-28T14:57:31","modified_gmt":"2022-05-28T14:57:31","slug":"speedfacev4lta","status":"publish","type":"product","link":"https:\/\/www.equipoelectronicogdl.com\/productos\/producto\/speedfacev4lta\/","title":{"rendered":"SpeedFaceV4LTA"},"content":{"rendered":"<h5 class=\"card-title text-center\">Informaci\u00f3n General<\/h5>\n<p class=\"ql-align-justify\">El Control de Acceso y Asistencia\u00a0<strong>SpeedFace V4L<\/strong>\u00a0es una terminal de control de acceso biom\u00e9trico h\u00edbrido basado en Linux, Cuenta con reconocimiento facial\u00a0<u>Visible Ligth<\/u>\u00a0y\u00a0<u>Reconocimiento de Palma.<\/u><\/p>\n<p class=\"ql-align-justify\">La distancia de reconocimiento del rostro se ha incrementado considerablemente\u00a0<u>hasta 2 metros<\/u>\u00a0y si bien la mayor\u00eda de los algoritmos solo admite +\/- 15 \u00b0 de tolerancia en el \u00e1ngulo de reconocimiento de rostro, el\u00a0<strong>SpeedFace V4L<\/strong>\u00a0duplica el \u00e1ngulo de detecci\u00f3n en t\u00e9rminos de rotaci\u00f3n e inclinaci\u00f3n a +\/- 30 \u00b0, con esto se mejora significativamente la tasa m\u00e1xima del trafico de los usuarios.<\/p>\n<p class=\"ql-align-justify\">En el m\u00e9todo de autenticaci\u00f3n de palma sin contacto con una novedosa t\u00e9cnica de seguimiento de manos permite una tolerancia de \u00e1ngulo de hasta +\/- 60 \u00b0 en el eje y una distancia de\u00a0<u>reconocimiento de hasta 50 cm.<\/u><\/p>\n<div class=\"row align-items-center padding-bottom-2x\">\n<div class=\"col-md-7 order-md-1 text-md-left text-center\">\n<h2>Principales Caracter\u00edsticas<\/h2>\n<p><strong>Almacenamiento:<\/strong><\/p>\n<ul>\n<li>800 Palmas<\/li>\n<li>800 Rostros (<a href=\"https:\/\/soporte.tvc.mx\/Ingenieria\/ZK\/MANUALES\/VisibleLight.jfif\" target=\"_blank\" rel=\"noopener\">Visible Light<\/a>)<\/li>\n<li>1,000 Tarjetas (<a href=\"https:\/\/soporte.tvc.mx\/Ingenieria\/ZK\/MANUALES\/RF_ID.pdf\" target=\"_blank\" rel=\"noopener\">RF-ID<\/a>)<\/li>\n<li>150,000 Eventos<\/li>\n<\/ul>\n<p><strong>Interfaz de Comunicaci\u00f3n:<\/strong>\u00a0TCP\/IP,\u00a0USB(Host)<\/p>\n<p><strong>Funci\u00f3n ADMS<\/strong>\u00a0Ready<\/p>\n<p><strong>Interfaz de Acceso:<\/strong><\/p>\n<ul>\n<li>Relevador para Control de Acceso<\/li>\n<li>Conexi\u00f3n para Bot\u00f3n de Salida<\/li>\n<li>Conexion para Sensor de Puerta<\/li>\n<li>Salida y Entrada Wiegand<\/li>\n<li>Conexi\u00f3n RS485 (para Lector Esclavo)<\/li>\n<\/ul>\n<p class=\"ql-align-justify\"><strong>Software Compatible:<\/strong>\u00a0<a href=\"https:\/\/soporte.tvc.mx\/Ingenieria\/ZK\/MANUALES\/Licencia_BiotimePRO.pdf\" target=\"_blank\" rel=\"noopener\">BioTime PRO<\/a>,\u00a0<a href=\"https:\/\/tvc.mx\/products\/33562\/zkteco-zkbaacp15-licencia-de-control-de-acceso-bio-access-p\" target=\"_blank\" rel=\"noopener\">BioAccess<\/a>,\u00a0<a href=\"https:\/\/soporte.tvc.mx\/Ingenieria\/ZK\/MANUALES\/Licencia_Biosecurity.pdf\" target=\"_blank\" rel=\"noopener\">BioSecurity<\/a><\/p>\n<p class=\"ql-align-justify\"><strong>Nota:<\/strong><u>Este equipo no cuenta con m\u00f3dulo wi-fi<\/u><\/p>\n<p>&nbsp;<\/p>\n<\/div>\n<\/div>\n<hr class=\"padding-bottom-2x\" \/>\n<div class=\"row align-items-center padding-bottom-2x\">\n<div class=\"col-md-5\"><img class=\"d-block m-auto img-thumbnail\" src=\"https:\/\/tvc.mx\/media\/313855\/Control-Acceso-Asistencia-Facial-Rostros-Palmas-SpeedFaceV4LTA-ZK-TVC-Complemento2.png\" alt=\" \" \/><\/div>\n<div class=\"col-md-7 text-md-left text-center\">\n<h2>Especificaciones T\u00e9cnicas<\/h2>\n<p><strong>Pantalla:<\/strong>\u00a0T\u00e1ctil de 4 Pulgadas<\/p>\n<p><strong>Fuente de Alimentaci\u00f3n:<\/strong>\u00a0DC 12V 3A<\/p>\n<p><strong>Temperatura de Operaci\u00f3n:<\/strong>\u00a00\u00b0c a 45\u00b0c<\/p>\n<p><strong>Humedad de Operaci\u00f3n:<\/strong>\u00a010% ~ 90%<\/p>\n<p><strong>Dimensiones:<\/strong>\u00a072.94 * 157.94 * 23 mm<\/p>\n<p><strong>Peso Neto:<\/strong>\u00a0260g<\/p>\n<p><strong>Peso Bruto:<\/strong>\u00a0850g<\/p>\n<p class=\"ql-align-justify\"><strong>Algoritmos:<\/strong>\u00a0ZKFace V5.8 &amp; ZKPalm V12.0<\/p>\n<\/div>\n<\/div>\n","protected":false},"excerpt":{"rendered":"<h1 id=\"title\" class=\"mb-3\">ZKTECO SpeedFaceV4LTA &#8211; Control de Acceso y Asistencia Facial Visible Light \/ 800 Rostros\/ 800 Palmas \/ 1000 Tarjetas \/ TCP\/IP \/ Compatible con Bio Time Pro<\/h1>\n","protected":false},"featured_media":275,"template":"","meta":[],"product_cat":[19,18],"product_tag":[],"_links":{"self":[{"href":"https:\/\/www.equipoelectronicogdl.com\/productos\/wp-json\/wp\/v2\/product\/278"}],"collection":[{"href":"https:\/\/www.equipoelectronicogdl.com\/productos\/wp-json\/wp\/v2\/product"}],"about":[{"href":"https:\/\/www.equipoelectronicogdl.com\/productos\/wp-json\/wp\/v2\/types\/product"}],"wp:featuredmedia":[{"embeddable":true,"href":"https:\/\/www.equipoelectronicogdl.com\/productos\/wp-json\/wp\/v2\/media\/275"}],"wp:attachment":[{"href":"https:\/\/www.equipoelectronicogdl.com\/productos\/wp-json\/wp\/v2\/media?parent=278"}],"wp:term":[{"taxonomy":"product_cat","embeddable":true,"href":"https:\/\/www.equipoelectronicogdl.com\/productos\/wp-json\/wp\/v2\/product_cat?post=278"},{"taxonomy":"product_tag","embeddable":true,"href":"https:\/\/www.equipoelectronicogdl.com\/productos\/wp-json\/wp\/v2\/product_tag?post=278"}],"curies":[{"name":"wp","href":"https:\/\/api.w.org\/{rel}","templated":true}]}}