{"id":239,"date":"2021-06-16T20:10:59","date_gmt":"2021-06-16T20:10:59","guid":{"rendered":"http:\/\/www.equipoelectronicogdl.com\/productos\/?post_type=product&#038;p=239"},"modified":"2021-06-16T20:11:07","modified_gmt":"2021-06-16T20:11:07","slug":"zk-teco-mb360id","status":"publish","type":"product","link":"https:\/\/www.equipoelectronicogdl.com\/productos\/producto\/zk-teco-mb360id\/","title":{"rendered":"ZK TECO MB360ID"},"content":{"rendered":"<h4 id=\"title\" class=\"mb-3\">ZKTECO MB360ID &#8211; Control de Acceso y Asistencia \/ 1500 Rostros \/ 2000 Huellas \/ 2000 Tarjetas \/ 100000 Eventos \/ TCPIP \/ #SinContacto<\/h4>\n","protected":false},"excerpt":{"rendered":"<p>El MB360\u00a0es un innovador dispositivo para la gesti\u00f3n de tiempo y asistencia de los empleados, soporta m\u00e9todos de veri\ufb01caci\u00f3n por medio de rostro, huella digital, tarjeta, contrase\u00f1a y combinaciones entre los anteriores adem\u00e1s de funciones b\u00e1sicas de Control de Acceso.<\/p>\n<p>La veri\ufb01caci\u00f3n de usuarios es realizada en menos de 1 segundo, lo cual agiliza el proceso en las horas de entrada y salida.<\/p>\n<p>La comunicaci\u00f3n entre el MB360 y la PC se realiza por medio de la interfaz TCP\/IP o mediante USB, para la transferencia manual de datos. Su dise\u00f1o elegante encaja perfectamente en cualquier tipo de ambiente.<\/p>\n<h2>Principales Caracter\u00edsticas<\/h2>\n<p class=\"text-muted\">\n<p>\u20221.500 Rostros, 2.000 Huellas, 100.000 Eventos y 2.000 Tarjetas.<\/p>\n<p>\u2022M\u00faltiples idiomas.<\/p>\n<p>\u2022Interfaz de comunicaci\u00f3n TCP\/IP, USB-Host, Wi-Fi(Opcional).<\/p>\n<p>\u2022Veri\ufb01caci\u00f3n de usuarios en menos de 1 segundo.<\/p>\n<p>\u2022Firmware profesional y plataforma m\u00e1s \ufb02exible.<\/p>\n<p>\u2022Interfaz de usuario sencilla e intuitiva con un dise\u00f1o atractivo.<\/p>\n","protected":false},"featured_media":240,"template":"","meta":[],"product_cat":[19,18],"product_tag":[],"_links":{"self":[{"href":"https:\/\/www.equipoelectronicogdl.com\/productos\/wp-json\/wp\/v2\/product\/239"}],"collection":[{"href":"https:\/\/www.equipoelectronicogdl.com\/productos\/wp-json\/wp\/v2\/product"}],"about":[{"href":"https:\/\/www.equipoelectronicogdl.com\/productos\/wp-json\/wp\/v2\/types\/product"}],"wp:featuredmedia":[{"embeddable":true,"href":"https:\/\/www.equipoelectronicogdl.com\/productos\/wp-json\/wp\/v2\/media\/240"}],"wp:attachment":[{"href":"https:\/\/www.equipoelectronicogdl.com\/productos\/wp-json\/wp\/v2\/media?parent=239"}],"wp:term":[{"taxonomy":"product_cat","embeddable":true,"href":"https:\/\/www.equipoelectronicogdl.com\/productos\/wp-json\/wp\/v2\/product_cat?post=239"},{"taxonomy":"product_tag","embeddable":true,"href":"https:\/\/www.equipoelectronicogdl.com\/productos\/wp-json\/wp\/v2\/product_tag?post=239"}],"curies":[{"name":"wp","href":"https:\/\/api.w.org\/{rel}","templated":true}]}}