{"id":126,"date":"2021-06-15T16:56:39","date_gmt":"2021-06-15T16:56:39","guid":{"rendered":"http:\/\/www.equipoelectronicogdl.com\/productos\/?page_id=126"},"modified":"2021-09-22T14:24:54","modified_gmt":"2021-09-22T14:24:54","slug":"empresa","status":"publish","type":"page","link":"https:\/\/www.equipoelectronicogdl.com\/productos\/empresa\/","title":{"rendered":"EMPRESA"},"content":{"rendered":"<p><img loading=\"lazy\" class=\"size-full wp-image-102 alignleft\" src=\"https:\/\/www.equipoelectronicogdl.com\/productos\/wp-content\/uploads\/2021\/06\/asistencia.png\" alt=\"\" width=\"180\" height=\"180\" srcset=\"https:\/\/www.equipoelectronicogdl.com\/productos\/wp-content\/uploads\/2021\/06\/asistencia.png 180w, https:\/\/www.equipoelectronicogdl.com\/productos\/wp-content\/uploads\/2021\/06\/asistencia-100x100.png 100w, https:\/\/www.equipoelectronicogdl.com\/productos\/wp-content\/uploads\/2021\/06\/asistencia-150x150.png 150w\" sizes=\"(max-width: 180px) 100vw, 180px\" \/>Somos una empresa dedicada a la <strong>Venta, Reparaci\u00f3n, Mantenimiento e instalaci\u00f3n de Relojes Checadores, Sistemas de Seguridad, Equipo de Computo, Punto de Venta, y mucho mas<\/strong>; a empresas y personas que esten interesados en <strong>implementar y mejorar<\/strong> funcionamiento de su <strong>Capital Humano, Economico, Material y general de su negocio.<\/strong><\/p>\n<p>Nuestra presencia en el mercado desde hace <strong>12 a\u00f1os,<\/strong> le ofrece nuestra experiencia en la distribuci\u00f3n e implementaci\u00f3n de equipo de protecci\u00f3n personal e industrial en su patrimonio. Nuestro personal capacitado de manera <strong>profesional y continua<\/strong>, le brinda a usted el <strong>servicio eficiente<\/strong> y necesario para que usted est\u00e9 siempre seguro y confiado en la buena marcha de su negocio.<\/p>\n<p>Es nuestro compromiso satisfacer y superar los requisitos de nuestros clientes con relacion a la seguridad y buen funcionamiento de sus negocios, brindando un servicio accesible, eficiente y pronto en la venta, reparaci\u00f3n, mantenimiento e instalaci\u00f3n de equipos de seguridad, controles de acceso y asistencia, mejorando continuamente el servicio, calidad y el tiempo de entrega.<\/p>\n<p>\u2022 Nuestras cotizaciones son fijas, con un ahorros considerables en comparaci\u00f3n a otros precios.<\/p>\n<p>\u2022 Le ofrecemos pronto tiempo de entrega de servicio y equipamiento, considerando la falla en el sistema o equipo que nos conf\u00eda para su reparaci\u00f3n.<\/p>\n<p>\u2022 Adem\u00e1s de contar con un stock variado de equipos para una pronta respuesta a cambio o a venta en el instante que usted lo necesite y un alto inventario de refacciones para los equipos que a\u00fan estan vigentes en el mercado.<\/p>\n<ul>\n<li>Honestidad<\/li>\n<li>Calidad<\/li>\n<li>Trabajo en equipo<\/li>\n<li>Honradez<\/li>\n<li>Servicio<\/li>\n<li>Satisfacci\u00f3n al cliente<\/li>\n<li>Responsabilidad<\/li>\n<li>Eficiencia<\/li>\n<li>Rentabilidad<\/li>\n<\/ul>\n","protected":false},"excerpt":{"rendered":"<p>Somos una empresa dedicada a la Venta, Reparaci\u00f3n, Mantenimiento e instalaci\u00f3n de Relojes Checadores, Sistemas de Seguridad, Equipo de Computo, Punto de Venta, y mucho mas; a empresas y personas que esten interesados en implementar y mejorar funcionamiento de su Capital Humano, Economico, Material y general de su negocio. Nuestra presencia en el mercado desde &hellip;<\/p>\n<p class=\"read-more\"> <a class=\" thunk-readmore button \" href=\"https:\/\/www.equipoelectronicogdl.com\/productos\/empresa\/\"> <span class=\"screen-reader-text\">EMPRESA<\/span>Leer m\u00e1s<\/a><\/p>\n","protected":false},"author":3,"featured_media":0,"parent":0,"menu_order":0,"comment_status":"closed","ping_status":"closed","template":"","meta":[],"_links":{"self":[{"href":"https:\/\/www.equipoelectronicogdl.com\/productos\/wp-json\/wp\/v2\/pages\/126"}],"collection":[{"href":"https:\/\/www.equipoelectronicogdl.com\/productos\/wp-json\/wp\/v2\/pages"}],"about":[{"href":"https:\/\/www.equipoelectronicogdl.com\/productos\/wp-json\/wp\/v2\/types\/page"}],"author":[{"embeddable":true,"href":"https:\/\/www.equipoelectronicogdl.com\/productos\/wp-json\/wp\/v2\/users\/3"}],"replies":[{"embeddable":true,"href":"https:\/\/www.equipoelectronicogdl.com\/productos\/wp-json\/wp\/v2\/comments?post=126"}],"version-history":[{"count":29,"href":"https:\/\/www.equipoelectronicogdl.com\/productos\/wp-json\/wp\/v2\/pages\/126\/revisions"}],"predecessor-version":[{"id":254,"href":"https:\/\/www.equipoelectronicogdl.com\/productos\/wp-json\/wp\/v2\/pages\/126\/revisions\/254"}],"wp:attachment":[{"href":"https:\/\/www.equipoelectronicogdl.com\/productos\/wp-json\/wp\/v2\/media?parent=126"}],"curies":[{"name":"wp","href":"https:\/\/api.w.org\/{rel}","templated":true}]}}